{"id":1960,"date":"2021-09-08T19:01:06","date_gmt":"2021-09-08T18:01:06","guid":{"rendered":"https:\/\/www.zschodov-nejdecka.cz\/?page_id=1960"},"modified":"2024-03-24T08:17:26","modified_gmt":"2024-03-24T07:17:26","slug":"i-z","status":"publish","type":"page","link":"https:\/\/www.zschodov-nejdecka.cz\/index.php\/i-z\/","title":{"rendered":"II.Z"},"content":{"rendered":"\n<p>T\u0159\u00eddn\u00ed u\u010ditelka Mgr. Jana Skrbkov\u00e1, u\u010ditelka Bc. Karol\u00edna Tich\u00e1<\/p>\n\n\n\n<p>Asistentka pedagoga: \u0160\u00e1rka Taschlerov\u00e1<\/p>\n\n\n\n<p class=\"has-text-align-center has-vivid-cyan-blue-color has-text-color has-medium-font-size\"><strong>NA\u0160E T\u0158\u00cdDA<\/strong><\/p>\n\n\n\n<figure class=\"wp-block-gallery has-nested-images columns-default is-cropped wp-block-gallery-1 is-layout-flex wp-block-gallery-is-layout-flex\">\n<figure class=\"wp-block-image size-large\"><img loading=\"lazy\" decoding=\"async\" width=\"2560\" height=\"1920\" data-id=\"3187\" src=\"https:\/\/www.zschodov-nejdecka.cz\/wp-content\/uploads\/2022\/10\/20221004_144003-1-scaled.jpg\" alt=\"\" class=\"wp-image-3187\" srcset=\"https:\/\/www.zschodov-nejdecka.cz\/wp-content\/uploads\/2022\/10\/20221004_144003-1-scaled.jpg 2560w, https:\/\/www.zschodov-nejdecka.cz\/wp-content\/uploads\/2022\/10\/20221004_144003-1-300x225.jpg 300w, https:\/\/www.zschodov-nejdecka.cz\/wp-content\/uploads\/2022\/10\/20221004_144003-1-1024x768.jpg 1024w, https:\/\/www.zschodov-nejdecka.cz\/wp-content\/uploads\/2022\/10\/20221004_144003-1-768x576.jpg 768w, https:\/\/www.zschodov-nejdecka.cz\/wp-content\/uploads\/2022\/10\/20221004_144003-1-1536x1152.jpg 1536w, https:\/\/www.zschodov-nejdecka.cz\/wp-content\/uploads\/2022\/10\/20221004_144003-1-2048x1536.jpg 2048w\" sizes=\"auto, (max-width: 2560px) 100vw, 2560px\" \/><\/figure>\n\n\n\n<figure class=\"wp-block-image size-large\"><img loading=\"lazy\" decoding=\"async\" width=\"2560\" height=\"1920\" data-id=\"3189\" src=\"https:\/\/www.zschodov-nejdecka.cz\/wp-content\/uploads\/2022\/10\/20221004_144020-1-scaled.jpg\" alt=\"\" class=\"wp-image-3189\" srcset=\"https:\/\/www.zschodov-nejdecka.cz\/wp-content\/uploads\/2022\/10\/20221004_144020-1-scaled.jpg 2560w, https:\/\/www.zschodov-nejdecka.cz\/wp-content\/uploads\/2022\/10\/20221004_144020-1-300x225.jpg 300w, https:\/\/www.zschodov-nejdecka.cz\/wp-content\/uploads\/2022\/10\/20221004_144020-1-1024x768.jpg 1024w, https:\/\/www.zschodov-nejdecka.cz\/wp-content\/uploads\/2022\/10\/20221004_144020-1-768x576.jpg 768w, https:\/\/www.zschodov-nejdecka.cz\/wp-content\/uploads\/2022\/10\/20221004_144020-1-1536x1152.jpg 1536w, https:\/\/www.zschodov-nejdecka.cz\/wp-content\/uploads\/2022\/10\/20221004_144020-1-2048x1536.jpg 2048w\" sizes=\"auto, (max-width: 2560px) 100vw, 2560px\" \/><\/figure>\n\n\n\n<figure class=\"wp-block-image size-large\"><img loading=\"lazy\" decoding=\"async\" width=\"2560\" height=\"1920\" data-id=\"3188\" src=\"https:\/\/www.zschodov-nejdecka.cz\/wp-content\/uploads\/2022\/10\/20221004_144012-1-scaled.jpg\" alt=\"\" class=\"wp-image-3188\" srcset=\"https:\/\/www.zschodov-nejdecka.cz\/wp-content\/uploads\/2022\/10\/20221004_144012-1-scaled.jpg 2560w, https:\/\/www.zschodov-nejdecka.cz\/wp-content\/uploads\/2022\/10\/20221004_144012-1-300x225.jpg 300w, https:\/\/www.zschodov-nejdecka.cz\/wp-content\/uploads\/2022\/10\/20221004_144012-1-1024x768.jpg 1024w, https:\/\/www.zschodov-nejdecka.cz\/wp-content\/uploads\/2022\/10\/20221004_144012-1-768x576.jpg 768w, https:\/\/www.zschodov-nejdecka.cz\/wp-content\/uploads\/2022\/10\/20221004_144012-1-1536x1152.jpg 1536w, https:\/\/www.zschodov-nejdecka.cz\/wp-content\/uploads\/2022\/10\/20221004_144012-1-2048x1536.jpg 2048w\" sizes=\"auto, (max-width: 2560px) 100vw, 2560px\" \/><\/figure>\n<\/figure>\n\n\n\n<p class=\"has-text-align-center has-white-color has-luminous-vivid-amber-background-color has-text-color has-background has-medium-font-size\"><strong>ZE \u017dIVOTA T\u0158\u00cdDY<\/strong><\/p>\n\n\n\n<p class=\"has-text-align-center has-text-color has-medium-font-size\" style=\"color:#19ec0e\"><strong>\u010cTEME PRO RADOST<\/strong><\/p>\n\n\n\n<p style=\"font-size:15px\">Od pond\u011bl\u00ed 18. 3. ve \u0161kole prob\u00edhal ve v\u0161ech t\u0159\u00edd\u00e1ch t\u00fdden rozvoje \u010dten\u00e1\u0159sk\u00e9 gramotnosti &#8211; \u010cTEME PRO RADOST. Pedagogov\u00e9 si pro d\u011bti p\u0159ipravili bu\u010f n\u011bjak\u00e9 t\u00e9ma, nebo liter\u00e1rn\u00ed d\u00edlo, kter\u00e9mu se po cel\u00fd t\u00fdden v\u011bnovali nap\u0159\u00ed\u010d p\u0159edm\u011bty. N\u011bkolik t\u0159\u00edd si vybralo &#8222;poh\u00e1dkohran\u00ed&#8220; &#8211; seznamov\u00e1n\u00ed s poh\u00e1dkami a jejich postavami. D\u011bti nav\u0161t\u00edvily i m\u011bstskou knihovnu.<\/p>\n\n\n\n<figure class=\"wp-block-gallery has-nested-images columns-default is-cropped wp-block-gallery-2 is-layout-flex wp-block-gallery-is-layout-flex\">\n<figure class=\"wp-block-image size-large\"><img loading=\"lazy\" decoding=\"async\" width=\"1024\" height=\"769\" data-id=\"4349\" src=\"https:\/\/www.zschodov-nejdecka.cz\/wp-content\/uploads\/2024\/03\/WhatsApp-Image-2024-03-20-at-14.41.25-1-1024x769.jpeg\" alt=\"\" class=\"wp-image-4349\" srcset=\"https:\/\/www.zschodov-nejdecka.cz\/wp-content\/uploads\/2024\/03\/WhatsApp-Image-2024-03-20-at-14.41.25-1-1024x769.jpeg 1024w, https:\/\/www.zschodov-nejdecka.cz\/wp-content\/uploads\/2024\/03\/WhatsApp-Image-2024-03-20-at-14.41.25-1-300x225.jpeg 300w, https:\/\/www.zschodov-nejdecka.cz\/wp-content\/uploads\/2024\/03\/WhatsApp-Image-2024-03-20-at-14.41.25-1-768x576.jpeg 768w, https:\/\/www.zschodov-nejdecka.cz\/wp-content\/uploads\/2024\/03\/WhatsApp-Image-2024-03-20-at-14.41.25-1-1536x1153.jpeg 1536w, https:\/\/www.zschodov-nejdecka.cz\/wp-content\/uploads\/2024\/03\/WhatsApp-Image-2024-03-20-at-14.41.25-1.jpeg 1600w\" sizes=\"auto, (max-width: 1024px) 100vw, 1024px\" \/><\/figure>\n\n\n\n<figure class=\"wp-block-image size-large\"><img loading=\"lazy\" decoding=\"async\" width=\"766\" height=\"1024\" data-id=\"4350\" src=\"https:\/\/www.zschodov-nejdecka.cz\/wp-content\/uploads\/2024\/03\/WhatsApp-Image-2024-03-20-at-14.41.25-766x1024.jpeg\" alt=\"\" class=\"wp-image-4350\" srcset=\"https:\/\/www.zschodov-nejdecka.cz\/wp-content\/uploads\/2024\/03\/WhatsApp-Image-2024-03-20-at-14.41.25-766x1024.jpeg 766w, https:\/\/www.zschodov-nejdecka.cz\/wp-content\/uploads\/2024\/03\/WhatsApp-Image-2024-03-20-at-14.41.25-224x300.jpeg 224w, https:\/\/www.zschodov-nejdecka.cz\/wp-content\/uploads\/2024\/03\/WhatsApp-Image-2024-03-20-at-14.41.25-768x1027.jpeg 768w, https:\/\/www.zschodov-nejdecka.cz\/wp-content\/uploads\/2024\/03\/WhatsApp-Image-2024-03-20-at-14.41.25-1149x1536.jpeg 1149w, https:\/\/www.zschodov-nejdecka.cz\/wp-content\/uploads\/2024\/03\/WhatsApp-Image-2024-03-20-at-14.41.25.jpeg 1197w\" sizes=\"auto, (max-width: 766px) 100vw, 766px\" \/><\/figure>\n\n\n\n<figure class=\"wp-block-image size-large\"><img loading=\"lazy\" decoding=\"async\" width=\"1024\" height=\"766\" data-id=\"4355\" src=\"https:\/\/www.zschodov-nejdecka.cz\/wp-content\/uploads\/2024\/03\/WhatsApp-Image-2024-03-20-at-14.41.26-2-1024x766.jpeg\" alt=\"\" class=\"wp-image-4355\" srcset=\"https:\/\/www.zschodov-nejdecka.cz\/wp-content\/uploads\/2024\/03\/WhatsApp-Image-2024-03-20-at-14.41.26-2-1024x766.jpeg 1024w, https:\/\/www.zschodov-nejdecka.cz\/wp-content\/uploads\/2024\/03\/WhatsApp-Image-2024-03-20-at-14.41.26-2-300x224.jpeg 300w, https:\/\/www.zschodov-nejdecka.cz\/wp-content\/uploads\/2024\/03\/WhatsApp-Image-2024-03-20-at-14.41.26-2-768x575.jpeg 768w, https:\/\/www.zschodov-nejdecka.cz\/wp-content\/uploads\/2024\/03\/WhatsApp-Image-2024-03-20-at-14.41.26-2-1536x1149.jpeg 1536w, https:\/\/www.zschodov-nejdecka.cz\/wp-content\/uploads\/2024\/03\/WhatsApp-Image-2024-03-20-at-14.41.26-2.jpeg 1600w\" sizes=\"auto, (max-width: 1024px) 100vw, 1024px\" \/><\/figure>\n\n\n\n<figure class=\"wp-block-image size-large\"><img loading=\"lazy\" decoding=\"async\" width=\"766\" height=\"1024\" data-id=\"4354\" src=\"https:\/\/www.zschodov-nejdecka.cz\/wp-content\/uploads\/2024\/03\/WhatsApp-Image-2024-03-20-at-14.41.26-766x1024.jpeg\" alt=\"\" class=\"wp-image-4354\" srcset=\"https:\/\/www.zschodov-nejdecka.cz\/wp-content\/uploads\/2024\/03\/WhatsApp-Image-2024-03-20-at-14.41.26-766x1024.jpeg 766w, https:\/\/www.zschodov-nejdecka.cz\/wp-content\/uploads\/2024\/03\/WhatsApp-Image-2024-03-20-at-14.41.26-224x300.jpeg 224w, https:\/\/www.zschodov-nejdecka.cz\/wp-content\/uploads\/2024\/03\/WhatsApp-Image-2024-03-20-at-14.41.26-768x1027.jpeg 768w, https:\/\/www.zschodov-nejdecka.cz\/wp-content\/uploads\/2024\/03\/WhatsApp-Image-2024-03-20-at-14.41.26-1149x1536.jpeg 1149w, https:\/\/www.zschodov-nejdecka.cz\/wp-content\/uploads\/2024\/03\/WhatsApp-Image-2024-03-20-at-14.41.26.jpeg 1197w\" sizes=\"auto, (max-width: 766px) 100vw, 766px\" \/><\/figure>\n\n\n\n<figure class=\"wp-block-image size-large\"><img loading=\"lazy\" decoding=\"async\" width=\"766\" height=\"1024\" data-id=\"4351\" src=\"https:\/\/www.zschodov-nejdecka.cz\/wp-content\/uploads\/2024\/03\/WhatsApp-Image-2024-03-20-at-14.41.30-3-766x1024.jpeg\" alt=\"\" class=\"wp-image-4351\" srcset=\"https:\/\/www.zschodov-nejdecka.cz\/wp-content\/uploads\/2024\/03\/WhatsApp-Image-2024-03-20-at-14.41.30-3-766x1024.jpeg 766w, https:\/\/www.zschodov-nejdecka.cz\/wp-content\/uploads\/2024\/03\/WhatsApp-Image-2024-03-20-at-14.41.30-3-224x300.jpeg 224w, https:\/\/www.zschodov-nejdecka.cz\/wp-content\/uploads\/2024\/03\/WhatsApp-Image-2024-03-20-at-14.41.30-3-768x1027.jpeg 768w, https:\/\/www.zschodov-nejdecka.cz\/wp-content\/uploads\/2024\/03\/WhatsApp-Image-2024-03-20-at-14.41.30-3-1149x1536.jpeg 1149w, https:\/\/www.zschodov-nejdecka.cz\/wp-content\/uploads\/2024\/03\/WhatsApp-Image-2024-03-20-at-14.41.30-3.jpeg 1197w\" sizes=\"auto, (max-width: 766px) 100vw, 766px\" \/><\/figure>\n\n\n\n<figure class=\"wp-block-image size-large\"><img loading=\"lazy\" decoding=\"async\" width=\"1024\" height=\"766\" data-id=\"4353\" src=\"https:\/\/www.zschodov-nejdecka.cz\/wp-content\/uploads\/2024\/03\/WhatsApp-Image-2024-03-20-at-14.41.30-4-1024x766.jpeg\" alt=\"\" class=\"wp-image-4353\" srcset=\"https:\/\/www.zschodov-nejdecka.cz\/wp-content\/uploads\/2024\/03\/WhatsApp-Image-2024-03-20-at-14.41.30-4-1024x766.jpeg 1024w, https:\/\/www.zschodov-nejdecka.cz\/wp-content\/uploads\/2024\/03\/WhatsApp-Image-2024-03-20-at-14.41.30-4-300x224.jpeg 300w, https:\/\/www.zschodov-nejdecka.cz\/wp-content\/uploads\/2024\/03\/WhatsApp-Image-2024-03-20-at-14.41.30-4-768x575.jpeg 768w, https:\/\/www.zschodov-nejdecka.cz\/wp-content\/uploads\/2024\/03\/WhatsApp-Image-2024-03-20-at-14.41.30-4-1536x1149.jpeg 1536w, https:\/\/www.zschodov-nejdecka.cz\/wp-content\/uploads\/2024\/03\/WhatsApp-Image-2024-03-20-at-14.41.30-4.jpeg 1600w\" sizes=\"auto, (max-width: 1024px) 100vw, 1024px\" \/><\/figure>\n\n\n\n<figure class=\"wp-block-image size-large\"><img loading=\"lazy\" decoding=\"async\" width=\"1024\" height=\"769\" data-id=\"4352\" src=\"https:\/\/www.zschodov-nejdecka.cz\/wp-content\/uploads\/2024\/03\/WhatsApp-Image-2024-03-20-at-14.41.30-1024x769.jpeg\" alt=\"\" class=\"wp-image-4352\" srcset=\"https:\/\/www.zschodov-nejdecka.cz\/wp-content\/uploads\/2024\/03\/WhatsApp-Image-2024-03-20-at-14.41.30-1024x769.jpeg 1024w, https:\/\/www.zschodov-nejdecka.cz\/wp-content\/uploads\/2024\/03\/WhatsApp-Image-2024-03-20-at-14.41.30-300x225.jpeg 300w, https:\/\/www.zschodov-nejdecka.cz\/wp-content\/uploads\/2024\/03\/WhatsApp-Image-2024-03-20-at-14.41.30-768x576.jpeg 768w, https:\/\/www.zschodov-nejdecka.cz\/wp-content\/uploads\/2024\/03\/WhatsApp-Image-2024-03-20-at-14.41.30-1536x1153.jpeg 1536w, https:\/\/www.zschodov-nejdecka.cz\/wp-content\/uploads\/2024\/03\/WhatsApp-Image-2024-03-20-at-14.41.30.jpeg 1600w\" sizes=\"auto, (max-width: 1024px) 100vw, 1024px\" \/><\/figure>\n\n\n\n<figure class=\"wp-block-image size-large\"><img loading=\"lazy\" decoding=\"async\" width=\"1024\" height=\"682\" data-id=\"4356\" src=\"https:\/\/www.zschodov-nejdecka.cz\/wp-content\/uploads\/2024\/03\/WhatsApp-Image-2024-03-08-at-18.16.44-1024x682.jpeg\" alt=\"\" class=\"wp-image-4356\" srcset=\"https:\/\/www.zschodov-nejdecka.cz\/wp-content\/uploads\/2024\/03\/WhatsApp-Image-2024-03-08-at-18.16.44-1024x682.jpeg 1024w, https:\/\/www.zschodov-nejdecka.cz\/wp-content\/uploads\/2024\/03\/WhatsApp-Image-2024-03-08-at-18.16.44-300x200.jpeg 300w, https:\/\/www.zschodov-nejdecka.cz\/wp-content\/uploads\/2024\/03\/WhatsApp-Image-2024-03-08-at-18.16.44-768x512.jpeg 768w, https:\/\/www.zschodov-nejdecka.cz\/wp-content\/uploads\/2024\/03\/WhatsApp-Image-2024-03-08-at-18.16.44-1536x1023.jpeg 1536w, https:\/\/www.zschodov-nejdecka.cz\/wp-content\/uploads\/2024\/03\/WhatsApp-Image-2024-03-08-at-18.16.44.jpeg 1600w\" sizes=\"auto, (max-width: 1024px) 100vw, 1024px\" \/><\/figure>\n<\/figure>\n\n\n\n<p class=\"has-text-align-center has-vivid-cyan-blue-color has-text-color\"><\/p>\n","protected":false},"excerpt":{"rendered":"<p>T\u0159\u00eddn\u00ed u\u010ditelka Mgr. Jana Skrbkov\u00e1, u\u010ditelka Bc. Karol\u00edna Tich\u00e1 Asistentka pedagoga: \u0160\u00e1rka Taschlerov\u00e1 NA\u0160E T\u0158\u00cdDA ZE \u017dIVOTA T\u0158\u00cdDY \u010cTEME PRO &hellip; <\/p>\n","protected":false},"author":4,"featured_media":3172,"parent":0,"menu_order":0,"comment_status":"closed","ping_status":"closed","template":"","meta":{"footnotes":""},"class_list":["post-1960","page","type-page","status-publish","has-post-thumbnail","hentry"],"_links":{"self":[{"href":"https:\/\/www.zschodov-nejdecka.cz\/index.php\/wp-json\/wp\/v2\/pages\/1960","targetHints":{"allow":["GET"]}}],"collection":[{"href":"https:\/\/www.zschodov-nejdecka.cz\/index.php\/wp-json\/wp\/v2\/pages"}],"about":[{"href":"https:\/\/www.zschodov-nejdecka.cz\/index.php\/wp-json\/wp\/v2\/types\/page"}],"author":[{"embeddable":true,"href":"https:\/\/www.zschodov-nejdecka.cz\/index.php\/wp-json\/wp\/v2\/users\/4"}],"replies":[{"embeddable":true,"href":"https:\/\/www.zschodov-nejdecka.cz\/index.php\/wp-json\/wp\/v2\/comments?post=1960"}],"version-history":[{"count":18,"href":"https:\/\/www.zschodov-nejdecka.cz\/index.php\/wp-json\/wp\/v2\/pages\/1960\/revisions"}],"predecessor-version":[{"id":4358,"href":"https:\/\/www.zschodov-nejdecka.cz\/index.php\/wp-json\/wp\/v2\/pages\/1960\/revisions\/4358"}],"wp:featuredmedia":[{"embeddable":true,"href":"https:\/\/www.zschodov-nejdecka.cz\/index.php\/wp-json\/wp\/v2\/media\/3172"}],"wp:attachment":[{"href":"https:\/\/www.zschodov-nejdecka.cz\/index.php\/wp-json\/wp\/v2\/media?parent=1960"}],"curies":[{"name":"wp","href":"https:\/\/api.w.org\/{rel}","templated":true}]}}