{"id":23,"date":"2021-02-19T12:36:17","date_gmt":"2021-02-19T12:36:17","guid":{"rendered":"http:\/\/www.zschodov-nejdecka.cz\/?page_id=23"},"modified":"2021-03-03T18:39:06","modified_gmt":"2021-03-03T17:39:06","slug":"informace-o-skole","status":"publish","type":"page","link":"https:\/\/www.zschodov-nejdecka.cz\/index.php\/informace-o-skole\/","title":{"rendered":"Z\u00e1kladn\u00ed \u0161kola"},"content":{"rendered":"\n<p>Z\u00e1kladn\u00ed \u0161kola Chodov, Nejdeck\u00e1 254, okres Sokolov, p\u0159\u00edsp\u011bvkov\u00e1 organizace je z\u00e1kladn\u00ed \u0161kolou, kter\u00e1 poskytuje z\u00e1kladn\u00ed vzd\u011bl\u00e1n\u00ed d\u011btem s r\u016fzn\u00fdmi speci\u00e1ln\u00edmi vzd\u011bl\u00e1vac\u00edmi pot\u0159ebami. Sou\u010d\u00e1st\u00ed \u0161koly je p\u0159\u00edpravn\u00e1 t\u0159\u00edda z\u00e1kladn\u00ed \u0161koly. Zam\u011b\u0159ujeme se na vzd\u011bl\u00e1v\u00e1n\u00ed d\u011bt\u00ed s v\u00fdvojov\u00fdmi poruchami u\u010den\u00ed, s komunika\u010dn\u00edmi poruchami, poruchou pozornosti, PAS, d\u011btmi s r\u016fzn\u00fdm kombinovan\u00fdm posti\u017een\u00edm a s ment\u00e1ln\u00edm posti\u017een\u00edm.<\/p>\n\n\n\n<p>Z\u0159izovatelem \u0161koly je <a rel=\"noreferrer noopener\" href=\"https:\/\/www.mestochodov.cz\/\" target=\"_blank\">M\u011bsto Chodov<\/a>, Komensk\u00e9ho 1077, 357 35 Chodov<\/p>\n\n\n\n<p class=\"has-small-font-size\">                                                                                             <\/p>\n","protected":false},"excerpt":{"rendered":"<p>Z\u00e1kladn\u00ed \u0161kola Chodov, Nejdeck\u00e1 254, okres Sokolov, p\u0159\u00edsp\u011bvkov\u00e1 organizace je z\u00e1kladn\u00ed \u0161kolou, kter\u00e1 poskytuje z\u00e1kladn\u00ed vzd\u011bl\u00e1n\u00ed d\u011btem s r\u016fzn\u00fdmi speci\u00e1ln\u00edmi &hellip; <\/p>\n","protected":false},"author":4,"featured_media":518,"parent":0,"menu_order":0,"comment_status":"closed","ping_status":"closed","template":"","meta":{"footnotes":""},"class_list":["post-23","page","type-page","status-publish","has-post-thumbnail","hentry"],"_links":{"self":[{"href":"https:\/\/www.zschodov-nejdecka.cz\/index.php\/wp-json\/wp\/v2\/pages\/23","targetHints":{"allow":["GET"]}}],"collection":[{"href":"https:\/\/www.zschodov-nejdecka.cz\/index.php\/wp-json\/wp\/v2\/pages"}],"about":[{"href":"https:\/\/www.zschodov-nejdecka.cz\/index.php\/wp-json\/wp\/v2\/types\/page"}],"author":[{"embeddable":true,"href":"https:\/\/www.zschodov-nejdecka.cz\/index.php\/wp-json\/wp\/v2\/users\/4"}],"replies":[{"embeddable":true,"href":"https:\/\/www.zschodov-nejdecka.cz\/index.php\/wp-json\/wp\/v2\/comments?post=23"}],"version-history":[{"count":21,"href":"https:\/\/www.zschodov-nejdecka.cz\/index.php\/wp-json\/wp\/v2\/pages\/23\/revisions"}],"predecessor-version":[{"id":662,"href":"https:\/\/www.zschodov-nejdecka.cz\/index.php\/wp-json\/wp\/v2\/pages\/23\/revisions\/662"}],"wp:featuredmedia":[{"embeddable":true,"href":"https:\/\/www.zschodov-nejdecka.cz\/index.php\/wp-json\/wp\/v2\/media\/518"}],"wp:attachment":[{"href":"https:\/\/www.zschodov-nejdecka.cz\/index.php\/wp-json\/wp\/v2\/media?parent=23"}],"curies":[{"name":"wp","href":"https:\/\/api.w.org\/{rel}","templated":true}]}}