{"id":2610,"date":"2025-02-03T13:37:09","date_gmt":"2025-02-03T12:37:09","guid":{"rendered":"https:\/\/www.zschodov-nejdecka.cz\/?page_id=2610"},"modified":"2025-02-03T13:37:09","modified_gmt":"2025-02-03T12:37:09","slug":"zapis-do-prt-2","status":"publish","type":"page","link":"https:\/\/www.zschodov-nejdecka.cz\/index.php\/zapis-do-prt-2\/","title":{"rendered":"Z\u00e1pis P\u0159T"},"content":{"rendered":"\n<p style=\"font-size:15px\">Do 1. dubna 2025 bude prob\u00edhat z\u00e1pis d\u011bt\u00ed, z\u00e1jemc\u016f o za\u0159azen\u00ed do p\u0159\u00edpravn\u00e9 t\u0159\u00eddy na \u0161koln\u00ed rok <strong>2025\/2026<\/strong>. Vzhledem k vysok\u00e9mu ka\u017edoro\u010dn\u00edmu z\u00e1jmu se mohou p\u0159\u00edpadn\u00ed z\u00e1jemci d\u0159\u00edve &#8222;p\u0159edregistrovat&#8220; na \u010d\u00edsle 731 151 826, \u010di 352 352 490-1.<\/p>\n\n\n\n<p style=\"font-size:15px\">Od 1. dubna 2025 bude zah\u00e1jen z\u00e1pis d\u011bt\u00ed do P\u0158\u00cdPRAVN\u00c9 T\u0158\u00cdDY na \u0161koln\u00ed rok 2025\/2026. P\u0159\u00edpravn\u00e1 t\u0159\u00edda je velmi dobrou alternativou mate\u0159sk\u00e9 \u0161koly p\u0159i vzd\u011bl\u00e1v\u00e1n\u00ed p\u0159ed\u0161koln\u00edch d\u011bt\u00ed s odkladem \u0161koln\u00ed doch\u00e1zky. V\u00fduka ve t\u0159\u00edd\u011b kop\u00edruje \u0161koln\u00ed vyu\u010dov\u00e1n\u00ed, co\u017e umo\u017en\u00ed d\u011btem l\u00e9pe si zvyknout na \u0161koln\u00ed prost\u0159ed\u00ed a re\u017eim. N\u00e1sledn\u011b se potom snadn\u011bji zapoj\u00ed do v\u00fdchovn\u011b vzd\u011bl\u00e1vac\u00edho procesu v 1. t\u0159\u00edd\u011b Z\u0160. D\u011bti se dostanou do nov\u00e9ho podn\u011btn\u00e9ho prost\u0159ed\u00ed a nemus\u00ed opakovat p\u0159ed\u0161koln\u00ed ro\u010dn\u00edk ve \u0161kolce.<\/p>\n\n\n\n<p style=\"font-size:15px\"><strong>PRO KOHO JE VHODN\u00c1 P\u0158\u00cdPRAVN\u00c1 T\u0158\u00cdDA?<\/strong><\/p>\n\n\n\n<p style=\"font-size:15px\">Pro d\u011bti s odkladem \u0161koln\u00ed doch\u00e1zky, a d\u011bti d\u00e1le p\u0159ed\u0161koln\u00ed d\u011bti v posledn\u00edm roce p\u0159ed n\u00e1stupem do \u0161koly (p\u011btilet\u00e9).<\/p>\n\n\n\n<p style=\"font-size:15px\"><strong><a href=\"https:\/\/www.zschodov-nejdecka.cz\/wp-content\/uploads\/2024\/02\/PrT_kriteria.pdf\">Kriteria pro p\u0159ij\u00edm\u00e1n\u00ed d\u011bt\u00ed do p\u0159\u00edpravn\u00e9 t\u0159\u00eddy ve \u0161koln\u00edm roce 2025\/26<\/a><\/strong><\/p>\n\n\n\n<p style=\"font-size:15px\"><strong><a href=\"https:\/\/www.zschodov-nejdecka.cz\/index.php\/skolni-rok\/tiskopisy\/\" data-type=\"link\" data-id=\"https:\/\/www.zschodov-nejdecka.cz\/index.php\/skolni-rok\/tiskopisy\/\">TISKOPISY K Z\u00c1PISU<\/a><\/strong><\/p>\n\n\n\n<p class=\"has-white-color has-luminous-dusk-gradient-background has-text-color has-background\" style=\"font-size:15px\"><strong>PO DOHOD\u011a SI LZE P\u0158\u00cdPRAVNOU T\u0158\u00cdDU OSOBN\u011a PROHL\u00c9DNOUT A Z\u00cdSKAT DAL\u0160\u00cd INFORMACE.<\/strong><\/p>\n\n\n\n<p style=\"font-size:15px\">Vlo\u017eeno 4. 2. 2025<\/p>\n\n\n\n<p style=\"font-size:15px\">Pro \u0161koln\u00ed rok 2024\/2025 je ji\u017e <strong>kapacita t\u0159\u00eddy napln\u011bna<\/strong>. P\u0159\u00edpadn\u00ed z\u00e1jemci se mohou informovat v pr\u016fb\u011bhu \u0161koln\u00edho roku, zda se n\u011bjak\u00e9 m\u00edsto neuvolnilo na \u010d\u00edsle 731 151 826.<\/p>\n\n\n\n<p style=\"font-size:15px\">Dal\u0161\u00ed informace k provozu p\u0159\u00edpravn\u00e9 t\u0159\u00eddy od z\u00e1\u0159\u00ed V\u00e1m pod\u00e1me na telefonn\u00edm \u010d\u00edsle 731 151 826 a 352 352 490, nebo e-mailem: <a href=\"mailto:info@zs3chodov.cz\" target=\"_blank\" rel=\"noreferrer noopener\">info@zs3chodov.cz<\/a><\/p>\n\n\n\n<p style=\"font-size:15px\"><\/p>\n\n\n\n<p style=\"font-size:15px\"><\/p>\n","protected":false},"excerpt":{"rendered":"<p>Do 1. dubna 2025 bude prob\u00edhat z\u00e1pis d\u011bt\u00ed, z\u00e1jemc\u016f o za\u0159azen\u00ed do p\u0159\u00edpravn\u00e9 t\u0159\u00eddy na \u0161koln\u00ed rok 2025\/2026. Vzhledem k &hellip; <\/p>\n","protected":false},"author":4,"featured_media":4239,"parent":0,"menu_order":0,"comment_status":"closed","ping_status":"closed","template":"","meta":{"footnotes":""},"class_list":["post-2610","page","type-page","status-publish","has-post-thumbnail","hentry"],"_links":{"self":[{"href":"https:\/\/www.zschodov-nejdecka.cz\/index.php\/wp-json\/wp\/v2\/pages\/2610","targetHints":{"allow":["GET"]}}],"collection":[{"href":"https:\/\/www.zschodov-nejdecka.cz\/index.php\/wp-json\/wp\/v2\/pages"}],"about":[{"href":"https:\/\/www.zschodov-nejdecka.cz\/index.php\/wp-json\/wp\/v2\/types\/page"}],"author":[{"embeddable":true,"href":"https:\/\/www.zschodov-nejdecka.cz\/index.php\/wp-json\/wp\/v2\/users\/4"}],"replies":[{"embeddable":true,"href":"https:\/\/www.zschodov-nejdecka.cz\/index.php\/wp-json\/wp\/v2\/comments?post=2610"}],"version-history":[{"count":29,"href":"https:\/\/www.zschodov-nejdecka.cz\/index.php\/wp-json\/wp\/v2\/pages\/2610\/revisions"}],"predecessor-version":[{"id":4707,"href":"https:\/\/www.zschodov-nejdecka.cz\/index.php\/wp-json\/wp\/v2\/pages\/2610\/revisions\/4707"}],"wp:featuredmedia":[{"embeddable":true,"href":"https:\/\/www.zschodov-nejdecka.cz\/index.php\/wp-json\/wp\/v2\/media\/4239"}],"wp:attachment":[{"href":"https:\/\/www.zschodov-nejdecka.cz\/index.php\/wp-json\/wp\/v2\/media?parent=2610"}],"curies":[{"name":"wp","href":"https:\/\/api.w.org\/{rel}","templated":true}]}}