{"id":3470,"date":"2022-11-23T19:35:59","date_gmt":"2022-11-23T18:35:59","guid":{"rendered":"https:\/\/www.zschodov-nejdecka.cz\/?page_id=3470"},"modified":"2022-11-23T19:35:59","modified_gmt":"2022-11-23T18:35:59","slug":"aktivity-sd","status":"publish","type":"page","link":"https:\/\/www.zschodov-nejdecka.cz\/index.php\/aktivity-sd\/","title":{"rendered":"Aktivity \u0160D"},"content":{"rendered":"\n<p>PORCEL\u00c1NOV\u00c1 \u0160KOLI\u010cKA<\/p>\n\n\n\n<p>D\u011bti ze \u0161koln\u00ed dru\u017einy vyjely do Nov\u00e9 Role. Ne na v\u00fdlet, ale do &#8222;porcel\u00e1nov\u00e9 \u0161koli\u010dky&#8220;. P\u011bkn\u011b si &#8222;m\u00e1knout&#8220;. V\u00fdroba porcel\u00e1nu m\u00e1 v na\u0161em kraji velkou tradici, nejstar\u0161\u00ed manufaktura byla zalo\u017eena v Horn\u00edm Slavkov\u011b ji\u017e v roce 1792. A tak bychom m\u011bli jako m\u00edstn\u00ed patrioti, o n\u011bm n\u011bco v\u011bd\u011bt<img loading=\"lazy\" decoding=\"async\" height=\"16\" width=\"16\" src=\"https:\/\/static.xx.fbcdn.net\/images\/emoji.php\/v9\/ta8\/1.5\/16\/1f601.png\" alt=\"\ud83d\ude01\">. Porcel\u00e1n je prost\u011b b\u00edl\u00e9 zlato<img loading=\"lazy\" decoding=\"async\" height=\"16\" width=\"16\" src=\"https:\/\/static.xx.fbcdn.net\/images\/emoji.php\/v9\/ta8\/1.5\/16\/1f601.png\" alt=\"\ud83d\ude01\">.<\/p>\n\n\n\n<p>D\u011bti si nejd\u0159\u00edve prohl\u00e9dly v\u00fdstavu porcel\u00e1nov\u00fdch v\u00fdrobk\u016f &#8211; hrne\u010dk\u016f, tal\u00ed\u0159k\u016f, misek, konvi\u010dek&#8230; Potom se ji\u017e pustily do <a><\/a>kreativn\u00ed pr\u00e1ce. Ka\u017ed\u00fd si vybral tvar, kter\u00fd bude &#8222;dekorovat&#8220;, polepovat obtisky. Nebylo to nijak jednoduch\u00e9, ale v\u0161echny d\u011bti to zvl\u00e1dly. P\u0159\u00ed\u0161t\u00ed t\u00fdden si po v\u00fdpalu donesou hotov\u00e9 v\u00fdrobky dom\u016f. <img loading=\"lazy\" decoding=\"async\" height=\"16\" width=\"16\" alt=\"\ud83d\ude01\" src=\"https:\/\/static.xx.fbcdn.net\/images\/emoji.php\/v9\/ta8\/1.5\/16\/1f601.png\"><\/p>\n\n\n\n<figure class=\"wp-block-gallery has-nested-images columns-default is-cropped wp-block-gallery-1 is-layout-flex wp-block-gallery-is-layout-flex\">\n<figure class=\"wp-block-image size-large\"><img loading=\"lazy\" decoding=\"async\" width=\"768\" height=\"1024\" data-id=\"3479\" src=\"https:\/\/www.zschodov-nejdecka.cz\/wp-content\/uploads\/2022\/11\/312016254_541887217943807_166988264451347854_n-768x1024.jpg\" alt=\"\" class=\"wp-image-3479\" srcset=\"https:\/\/www.zschodov-nejdecka.cz\/wp-content\/uploads\/2022\/11\/312016254_541887217943807_166988264451347854_n-768x1024.jpg 768w, https:\/\/www.zschodov-nejdecka.cz\/wp-content\/uploads\/2022\/11\/312016254_541887217943807_166988264451347854_n-225x300.jpg 225w, https:\/\/www.zschodov-nejdecka.cz\/wp-content\/uploads\/2022\/11\/312016254_541887217943807_166988264451347854_n-1152x1536.jpg 1152w, https:\/\/www.zschodov-nejdecka.cz\/wp-content\/uploads\/2022\/11\/312016254_541887217943807_166988264451347854_n.jpg 1464w\" sizes=\"auto, (max-width: 768px) 100vw, 768px\" \/><\/figure>\n\n\n\n<figure class=\"wp-block-image size-large\"><img loading=\"lazy\" decoding=\"async\" width=\"1024\" height=\"768\" data-id=\"3471\" src=\"https:\/\/www.zschodov-nejdecka.cz\/wp-content\/uploads\/2022\/11\/312418327_541886851277177_6356768326787787532_n-1024x768.jpg\" alt=\"\" class=\"wp-image-3471\" srcset=\"https:\/\/www.zschodov-nejdecka.cz\/wp-content\/uploads\/2022\/11\/312418327_541886851277177_6356768326787787532_n-1024x768.jpg 1024w, https:\/\/www.zschodov-nejdecka.cz\/wp-content\/uploads\/2022\/11\/312418327_541886851277177_6356768326787787532_n-300x225.jpg 300w, https:\/\/www.zschodov-nejdecka.cz\/wp-content\/uploads\/2022\/11\/312418327_541886851277177_6356768326787787532_n-768x576.jpg 768w, https:\/\/www.zschodov-nejdecka.cz\/wp-content\/uploads\/2022\/11\/312418327_541886851277177_6356768326787787532_n-1536x1152.jpg 1536w, https:\/\/www.zschodov-nejdecka.cz\/wp-content\/uploads\/2022\/11\/312418327_541886851277177_6356768326787787532_n.jpg 1952w\" sizes=\"auto, (max-width: 1024px) 100vw, 1024px\" \/><\/figure>\n\n\n\n<figure class=\"wp-block-image size-large\"><img loading=\"lazy\" decoding=\"async\" width=\"768\" height=\"1024\" data-id=\"3476\" src=\"https:\/\/www.zschodov-nejdecka.cz\/wp-content\/uploads\/2022\/11\/312425792_541886834610512_7815917728488262761_n-768x1024.jpg\" alt=\"\" class=\"wp-image-3476\" srcset=\"https:\/\/www.zschodov-nejdecka.cz\/wp-content\/uploads\/2022\/11\/312425792_541886834610512_7815917728488262761_n-768x1024.jpg 768w, https:\/\/www.zschodov-nejdecka.cz\/wp-content\/uploads\/2022\/11\/312425792_541886834610512_7815917728488262761_n-225x300.jpg 225w, https:\/\/www.zschodov-nejdecka.cz\/wp-content\/uploads\/2022\/11\/312425792_541886834610512_7815917728488262761_n-1152x1536.jpg 1152w, https:\/\/www.zschodov-nejdecka.cz\/wp-content\/uploads\/2022\/11\/312425792_541886834610512_7815917728488262761_n.jpg 1464w\" sizes=\"auto, (max-width: 768px) 100vw, 768px\" \/><\/figure>\n\n\n\n<figure class=\"wp-block-image size-large\"><img loading=\"lazy\" decoding=\"async\" width=\"768\" height=\"1024\" data-id=\"3475\" src=\"https:\/\/www.zschodov-nejdecka.cz\/wp-content\/uploads\/2022\/11\/312458720_541887264610469_3351533137194478664_n-768x1024.jpg\" alt=\"\" class=\"wp-image-3475\" srcset=\"https:\/\/www.zschodov-nejdecka.cz\/wp-content\/uploads\/2022\/11\/312458720_541887264610469_3351533137194478664_n-768x1024.jpg 768w, https:\/\/www.zschodov-nejdecka.cz\/wp-content\/uploads\/2022\/11\/312458720_541887264610469_3351533137194478664_n-225x300.jpg 225w, https:\/\/www.zschodov-nejdecka.cz\/wp-content\/uploads\/2022\/11\/312458720_541887264610469_3351533137194478664_n-1152x1536.jpg 1152w, https:\/\/www.zschodov-nejdecka.cz\/wp-content\/uploads\/2022\/11\/312458720_541887264610469_3351533137194478664_n.jpg 1464w\" sizes=\"auto, (max-width: 768px) 100vw, 768px\" \/><\/figure>\n\n\n\n<figure class=\"wp-block-image size-large\"><img loading=\"lazy\" decoding=\"async\" width=\"1024\" height=\"768\" data-id=\"3482\" src=\"https:\/\/www.zschodov-nejdecka.cz\/wp-content\/uploads\/2022\/11\/312589819_541886901277172_206577488963703679_n-1024x768.jpg\" alt=\"\" class=\"wp-image-3482\" srcset=\"https:\/\/www.zschodov-nejdecka.cz\/wp-content\/uploads\/2022\/11\/312589819_541886901277172_206577488963703679_n-1024x768.jpg 1024w, https:\/\/www.zschodov-nejdecka.cz\/wp-content\/uploads\/2022\/11\/312589819_541886901277172_206577488963703679_n-300x225.jpg 300w, https:\/\/www.zschodov-nejdecka.cz\/wp-content\/uploads\/2022\/11\/312589819_541886901277172_206577488963703679_n-768x576.jpg 768w, https:\/\/www.zschodov-nejdecka.cz\/wp-content\/uploads\/2022\/11\/312589819_541886901277172_206577488963703679_n-1536x1152.jpg 1536w, https:\/\/www.zschodov-nejdecka.cz\/wp-content\/uploads\/2022\/11\/312589819_541886901277172_206577488963703679_n.jpg 1952w\" sizes=\"auto, (max-width: 1024px) 100vw, 1024px\" \/><\/figure>\n\n\n\n<figure class=\"wp-block-image size-large\"><img loading=\"lazy\" decoding=\"async\" width=\"1024\" height=\"768\" data-id=\"3480\" src=\"https:\/\/www.zschodov-nejdecka.cz\/wp-content\/uploads\/2022\/11\/312646498_541887487943780_2596558278338327512_n-1024x768.jpg\" alt=\"\" class=\"wp-image-3480\" srcset=\"https:\/\/www.zschodov-nejdecka.cz\/wp-content\/uploads\/2022\/11\/312646498_541887487943780_2596558278338327512_n-1024x768.jpg 1024w, https:\/\/www.zschodov-nejdecka.cz\/wp-content\/uploads\/2022\/11\/312646498_541887487943780_2596558278338327512_n-300x225.jpg 300w, https:\/\/www.zschodov-nejdecka.cz\/wp-content\/uploads\/2022\/11\/312646498_541887487943780_2596558278338327512_n-768x576.jpg 768w, https:\/\/www.zschodov-nejdecka.cz\/wp-content\/uploads\/2022\/11\/312646498_541887487943780_2596558278338327512_n-1536x1152.jpg 1536w, https:\/\/www.zschodov-nejdecka.cz\/wp-content\/uploads\/2022\/11\/312646498_541887487943780_2596558278338327512_n.jpg 1952w\" sizes=\"auto, (max-width: 1024px) 100vw, 1024px\" \/><\/figure>\n\n\n\n<figure class=\"wp-block-image size-large\"><img loading=\"lazy\" decoding=\"async\" width=\"1024\" height=\"768\" data-id=\"3473\" src=\"https:\/\/www.zschodov-nejdecka.cz\/wp-content\/uploads\/2022\/11\/312882393_541887404610455_4441867577848437826_n-1024x768.jpg\" alt=\"\" class=\"wp-image-3473\" srcset=\"https:\/\/www.zschodov-nejdecka.cz\/wp-content\/uploads\/2022\/11\/312882393_541887404610455_4441867577848437826_n-1024x768.jpg 1024w, https:\/\/www.zschodov-nejdecka.cz\/wp-content\/uploads\/2022\/11\/312882393_541887404610455_4441867577848437826_n-300x225.jpg 300w, https:\/\/www.zschodov-nejdecka.cz\/wp-content\/uploads\/2022\/11\/312882393_541887404610455_4441867577848437826_n-768x576.jpg 768w, https:\/\/www.zschodov-nejdecka.cz\/wp-content\/uploads\/2022\/11\/312882393_541887404610455_4441867577848437826_n-1536x1152.jpg 1536w, https:\/\/www.zschodov-nejdecka.cz\/wp-content\/uploads\/2022\/11\/312882393_541887404610455_4441867577848437826_n.jpg 1952w\" sizes=\"auto, (max-width: 1024px) 100vw, 1024px\" \/><\/figure>\n\n\n\n<figure class=\"wp-block-image size-large\"><img loading=\"lazy\" decoding=\"async\" width=\"768\" height=\"1024\" data-id=\"3474\" src=\"https:\/\/www.zschodov-nejdecka.cz\/wp-content\/uploads\/2022\/11\/312982991_541887211277141_7078560148656185434_n-768x1024.jpg\" alt=\"\" class=\"wp-image-3474\" srcset=\"https:\/\/www.zschodov-nejdecka.cz\/wp-content\/uploads\/2022\/11\/312982991_541887211277141_7078560148656185434_n-768x1024.jpg 768w, https:\/\/www.zschodov-nejdecka.cz\/wp-content\/uploads\/2022\/11\/312982991_541887211277141_7078560148656185434_n-225x300.jpg 225w, https:\/\/www.zschodov-nejdecka.cz\/wp-content\/uploads\/2022\/11\/312982991_541887211277141_7078560148656185434_n-1152x1536.jpg 1152w, https:\/\/www.zschodov-nejdecka.cz\/wp-content\/uploads\/2022\/11\/312982991_541887211277141_7078560148656185434_n.jpg 1464w\" sizes=\"auto, (max-width: 768px) 100vw, 768px\" \/><\/figure>\n\n\n\n<figure class=\"wp-block-image size-large\"><img loading=\"lazy\" decoding=\"async\" width=\"768\" height=\"1024\" data-id=\"3472\" src=\"https:\/\/www.zschodov-nejdecka.cz\/wp-content\/uploads\/2022\/11\/313182218_541887357943793_7729548709080593254_n-768x1024.jpg\" alt=\"\" class=\"wp-image-3472\" srcset=\"https:\/\/www.zschodov-nejdecka.cz\/wp-content\/uploads\/2022\/11\/313182218_541887357943793_7729548709080593254_n-768x1024.jpg 768w, https:\/\/www.zschodov-nejdecka.cz\/wp-content\/uploads\/2022\/11\/313182218_541887357943793_7729548709080593254_n-225x300.jpg 225w, https:\/\/www.zschodov-nejdecka.cz\/wp-content\/uploads\/2022\/11\/313182218_541887357943793_7729548709080593254_n-1152x1536.jpg 1152w, https:\/\/www.zschodov-nejdecka.cz\/wp-content\/uploads\/2022\/11\/313182218_541887357943793_7729548709080593254_n.jpg 1464w\" sizes=\"auto, (max-width: 768px) 100vw, 768px\" \/><\/figure>\n\n\n\n<figure class=\"wp-block-image size-large\"><img loading=\"lazy\" decoding=\"async\" width=\"1024\" height=\"768\" data-id=\"3477\" src=\"https:\/\/www.zschodov-nejdecka.cz\/wp-content\/uploads\/2022\/11\/313364157_541887177943811_2610808030362684695_n-1024x768.jpg\" alt=\"\" class=\"wp-image-3477\" srcset=\"https:\/\/www.zschodov-nejdecka.cz\/wp-content\/uploads\/2022\/11\/313364157_541887177943811_2610808030362684695_n-1024x768.jpg 1024w, https:\/\/www.zschodov-nejdecka.cz\/wp-content\/uploads\/2022\/11\/313364157_541887177943811_2610808030362684695_n-300x225.jpg 300w, https:\/\/www.zschodov-nejdecka.cz\/wp-content\/uploads\/2022\/11\/313364157_541887177943811_2610808030362684695_n-768x576.jpg 768w, https:\/\/www.zschodov-nejdecka.cz\/wp-content\/uploads\/2022\/11\/313364157_541887177943811_2610808030362684695_n-1536x1152.jpg 1536w, https:\/\/www.zschodov-nejdecka.cz\/wp-content\/uploads\/2022\/11\/313364157_541887177943811_2610808030362684695_n.jpg 1952w\" sizes=\"auto, (max-width: 1024px) 100vw, 1024px\" \/><\/figure>\n\n\n\n<figure class=\"wp-block-image size-large\"><img loading=\"lazy\" decoding=\"async\" width=\"1024\" height=\"768\" data-id=\"3481\" src=\"https:\/\/www.zschodov-nejdecka.cz\/wp-content\/uploads\/2022\/11\/313387634_541886914610504_7043662915785912496_n-1024x768.jpg\" alt=\"\" class=\"wp-image-3481\" srcset=\"https:\/\/www.zschodov-nejdecka.cz\/wp-content\/uploads\/2022\/11\/313387634_541886914610504_7043662915785912496_n-1024x768.jpg 1024w, https:\/\/www.zschodov-nejdecka.cz\/wp-content\/uploads\/2022\/11\/313387634_541886914610504_7043662915785912496_n-300x225.jpg 300w, https:\/\/www.zschodov-nejdecka.cz\/wp-content\/uploads\/2022\/11\/313387634_541886914610504_7043662915785912496_n-768x576.jpg 768w, https:\/\/www.zschodov-nejdecka.cz\/wp-content\/uploads\/2022\/11\/313387634_541886914610504_7043662915785912496_n-1536x1152.jpg 1536w, https:\/\/www.zschodov-nejdecka.cz\/wp-content\/uploads\/2022\/11\/313387634_541886914610504_7043662915785912496_n.jpg 1952w\" sizes=\"auto, (max-width: 1024px) 100vw, 1024px\" \/><\/figure>\n\n\n\n<figure class=\"wp-block-image size-large\"><img loading=\"lazy\" decoding=\"async\" width=\"768\" height=\"1024\" data-id=\"3478\" src=\"https:\/\/www.zschodov-nejdecka.cz\/wp-content\/uploads\/2022\/11\/314333902_541887094610486_2637263484402771081_n-768x1024.jpg\" alt=\"\" class=\"wp-image-3478\" srcset=\"https:\/\/www.zschodov-nejdecka.cz\/wp-content\/uploads\/2022\/11\/314333902_541887094610486_2637263484402771081_n-768x1024.jpg 768w, https:\/\/www.zschodov-nejdecka.cz\/wp-content\/uploads\/2022\/11\/314333902_541887094610486_2637263484402771081_n-225x300.jpg 225w, https:\/\/www.zschodov-nejdecka.cz\/wp-content\/uploads\/2022\/11\/314333902_541887094610486_2637263484402771081_n-1152x1536.jpg 1152w, https:\/\/www.zschodov-nejdecka.cz\/wp-content\/uploads\/2022\/11\/314333902_541887094610486_2637263484402771081_n.jpg 1464w\" sizes=\"auto, (max-width: 768px) 100vw, 768px\" \/><\/figure>\n<\/figure>\n","protected":false},"excerpt":{"rendered":"<p>PORCEL\u00c1NOV\u00c1 \u0160KOLI\u010cKA D\u011bti ze \u0161koln\u00ed dru\u017einy vyjely do Nov\u00e9 Role. Ne na v\u00fdlet, ale do &#8222;porcel\u00e1nov\u00e9 \u0161koli\u010dky&#8220;. P\u011bkn\u011b si &#8222;m\u00e1knout&#8220;. &hellip; <\/p>\n","protected":false},"author":4,"featured_media":0,"parent":0,"menu_order":0,"comment_status":"closed","ping_status":"closed","template":"","meta":{"footnotes":""},"class_list":["post-3470","page","type-page","status-publish","hentry"],"_links":{"self":[{"href":"https:\/\/www.zschodov-nejdecka.cz\/index.php\/wp-json\/wp\/v2\/pages\/3470","targetHints":{"allow":["GET"]}}],"collection":[{"href":"https:\/\/www.zschodov-nejdecka.cz\/index.php\/wp-json\/wp\/v2\/pages"}],"about":[{"href":"https:\/\/www.zschodov-nejdecka.cz\/index.php\/wp-json\/wp\/v2\/types\/page"}],"author":[{"embeddable":true,"href":"https:\/\/www.zschodov-nejdecka.cz\/index.php\/wp-json\/wp\/v2\/users\/4"}],"replies":[{"embeddable":true,"href":"https:\/\/www.zschodov-nejdecka.cz\/index.php\/wp-json\/wp\/v2\/comments?post=3470"}],"version-history":[{"count":1,"href":"https:\/\/www.zschodov-nejdecka.cz\/index.php\/wp-json\/wp\/v2\/pages\/3470\/revisions"}],"predecessor-version":[{"id":3483,"href":"https:\/\/www.zschodov-nejdecka.cz\/index.php\/wp-json\/wp\/v2\/pages\/3470\/revisions\/3483"}],"wp:attachment":[{"href":"https:\/\/www.zschodov-nejdecka.cz\/index.php\/wp-json\/wp\/v2\/media?parent=3470"}],"curies":[{"name":"wp","href":"https:\/\/api.w.org\/{rel}","templated":true}]}}