{"id":385,"date":"2021-02-27T12:24:37","date_gmt":"2021-02-27T11:24:37","guid":{"rendered":"http:\/\/www.zschodov-nejdecka.cz\/?page_id=385"},"modified":"2025-04-24T19:30:26","modified_gmt":"2025-04-24T18:30:26","slug":"v-p","status":"publish","type":"page","link":"https:\/\/www.zschodov-nejdecka.cz\/index.php\/distancni-vyuka\/v-p\/","title":{"rendered":"VII. P"},"content":{"rendered":"\n<p><strong>T\u0159\u00eddn\u00ed u\u010ditelka:<\/strong> \u00a0Mgr. Michaela Ka\u0161t\u00e1nkov\u00e1<\/p>\n\n\n\n<p><strong>Asistentka pedagoga:<\/strong> Michaela Kov\u00e1\u0159ov\u00e1<\/p>\n\n\n\n<p class=\"has-text-align-center has-luminous-vivid-orange-color has-text-color has-medium-font-size\"><strong>PODZIM V P\u0158\u00cdRODOV\u011aD\u011a<\/strong><\/p>\n\n\n\n<figure class=\"wp-block-gallery has-nested-images columns-default is-cropped wp-block-gallery-1 is-layout-flex wp-block-gallery-is-layout-flex\">\n<figure class=\"wp-block-image size-large\"><img loading=\"lazy\" decoding=\"async\" width=\"576\" height=\"1024\" data-id=\"2156\" src=\"https:\/\/www.zschodov-nejdecka.cz\/wp-content\/uploads\/2021\/10\/WhatsApp-Image-2021-10-15-at-15.29.11-1-576x1024.jpeg\" alt=\"\" class=\"wp-image-2156\" srcset=\"https:\/\/www.zschodov-nejdecka.cz\/wp-content\/uploads\/2021\/10\/WhatsApp-Image-2021-10-15-at-15.29.11-1-576x1024.jpeg 576w, https:\/\/www.zschodov-nejdecka.cz\/wp-content\/uploads\/2021\/10\/WhatsApp-Image-2021-10-15-at-15.29.11-1-169x300.jpeg 169w, https:\/\/www.zschodov-nejdecka.cz\/wp-content\/uploads\/2021\/10\/WhatsApp-Image-2021-10-15-at-15.29.11-1-768x1365.jpeg 768w, https:\/\/www.zschodov-nejdecka.cz\/wp-content\/uploads\/2021\/10\/WhatsApp-Image-2021-10-15-at-15.29.11-1-864x1536.jpeg 864w, https:\/\/www.zschodov-nejdecka.cz\/wp-content\/uploads\/2021\/10\/WhatsApp-Image-2021-10-15-at-15.29.11-1.jpeg 1134w\" sizes=\"auto, (max-width: 576px) 100vw, 576px\" \/><\/figure>\n\n\n\n<figure class=\"wp-block-image size-large\"><img loading=\"lazy\" decoding=\"async\" width=\"576\" height=\"1024\" data-id=\"2157\" src=\"https:\/\/www.zschodov-nejdecka.cz\/wp-content\/uploads\/2021\/10\/WhatsApp-Image-2021-10-15-at-15.29.12-1-576x1024.jpeg\" alt=\"\" class=\"wp-image-2157\" srcset=\"https:\/\/www.zschodov-nejdecka.cz\/wp-content\/uploads\/2021\/10\/WhatsApp-Image-2021-10-15-at-15.29.12-1-576x1024.jpeg 576w, https:\/\/www.zschodov-nejdecka.cz\/wp-content\/uploads\/2021\/10\/WhatsApp-Image-2021-10-15-at-15.29.12-1-169x300.jpeg 169w, https:\/\/www.zschodov-nejdecka.cz\/wp-content\/uploads\/2021\/10\/WhatsApp-Image-2021-10-15-at-15.29.12-1-768x1365.jpeg 768w, https:\/\/www.zschodov-nejdecka.cz\/wp-content\/uploads\/2021\/10\/WhatsApp-Image-2021-10-15-at-15.29.12-1-864x1536.jpeg 864w, https:\/\/www.zschodov-nejdecka.cz\/wp-content\/uploads\/2021\/10\/WhatsApp-Image-2021-10-15-at-15.29.12-1.jpeg 1134w\" sizes=\"auto, (max-width: 576px) 100vw, 576px\" \/><\/figure>\n\n\n\n<figure class=\"wp-block-image size-large\"><img loading=\"lazy\" decoding=\"async\" width=\"576\" height=\"1024\" data-id=\"2158\" src=\"https:\/\/www.zschodov-nejdecka.cz\/wp-content\/uploads\/2021\/10\/WhatsApp-Image-2021-10-15-at-15.29.12-2-576x1024.jpeg\" alt=\"\" class=\"wp-image-2158\" srcset=\"https:\/\/www.zschodov-nejdecka.cz\/wp-content\/uploads\/2021\/10\/WhatsApp-Image-2021-10-15-at-15.29.12-2-576x1024.jpeg 576w, https:\/\/www.zschodov-nejdecka.cz\/wp-content\/uploads\/2021\/10\/WhatsApp-Image-2021-10-15-at-15.29.12-2-169x300.jpeg 169w, https:\/\/www.zschodov-nejdecka.cz\/wp-content\/uploads\/2021\/10\/WhatsApp-Image-2021-10-15-at-15.29.12-2-768x1365.jpeg 768w, https:\/\/www.zschodov-nejdecka.cz\/wp-content\/uploads\/2021\/10\/WhatsApp-Image-2021-10-15-at-15.29.12-2-864x1536.jpeg 864w, https:\/\/www.zschodov-nejdecka.cz\/wp-content\/uploads\/2021\/10\/WhatsApp-Image-2021-10-15-at-15.29.12-2.jpeg 1134w\" sizes=\"auto, (max-width: 576px) 100vw, 576px\" \/><\/figure>\n\n\n\n<figure class=\"wp-block-image size-large\"><img loading=\"lazy\" decoding=\"async\" width=\"576\" height=\"1024\" data-id=\"2159\" src=\"https:\/\/www.zschodov-nejdecka.cz\/wp-content\/uploads\/2021\/10\/WhatsApp-Image-2021-10-15-at-15.29.12-3-576x1024.jpeg\" alt=\"\" class=\"wp-image-2159\" srcset=\"https:\/\/www.zschodov-nejdecka.cz\/wp-content\/uploads\/2021\/10\/WhatsApp-Image-2021-10-15-at-15.29.12-3-576x1024.jpeg 576w, https:\/\/www.zschodov-nejdecka.cz\/wp-content\/uploads\/2021\/10\/WhatsApp-Image-2021-10-15-at-15.29.12-3-169x300.jpeg 169w, https:\/\/www.zschodov-nejdecka.cz\/wp-content\/uploads\/2021\/10\/WhatsApp-Image-2021-10-15-at-15.29.12-3-768x1365.jpeg 768w, https:\/\/www.zschodov-nejdecka.cz\/wp-content\/uploads\/2021\/10\/WhatsApp-Image-2021-10-15-at-15.29.12-3-864x1536.jpeg 864w, https:\/\/www.zschodov-nejdecka.cz\/wp-content\/uploads\/2021\/10\/WhatsApp-Image-2021-10-15-at-15.29.12-3.jpeg 1134w\" sizes=\"auto, (max-width: 576px) 100vw, 576px\" \/><\/figure>\n\n\n\n<figure class=\"wp-block-image size-large\"><img loading=\"lazy\" decoding=\"async\" width=\"576\" height=\"1024\" data-id=\"2160\" src=\"https:\/\/www.zschodov-nejdecka.cz\/wp-content\/uploads\/2021\/10\/WhatsApp-Image-2021-10-15-at-15.29.12-4-576x1024.jpeg\" alt=\"\" class=\"wp-image-2160\" srcset=\"https:\/\/www.zschodov-nejdecka.cz\/wp-content\/uploads\/2021\/10\/WhatsApp-Image-2021-10-15-at-15.29.12-4-576x1024.jpeg 576w, https:\/\/www.zschodov-nejdecka.cz\/wp-content\/uploads\/2021\/10\/WhatsApp-Image-2021-10-15-at-15.29.12-4-169x300.jpeg 169w, https:\/\/www.zschodov-nejdecka.cz\/wp-content\/uploads\/2021\/10\/WhatsApp-Image-2021-10-15-at-15.29.12-4-768x1365.jpeg 768w, https:\/\/www.zschodov-nejdecka.cz\/wp-content\/uploads\/2021\/10\/WhatsApp-Image-2021-10-15-at-15.29.12-4-864x1536.jpeg 864w, https:\/\/www.zschodov-nejdecka.cz\/wp-content\/uploads\/2021\/10\/WhatsApp-Image-2021-10-15-at-15.29.12-4.jpeg 1134w\" sizes=\"auto, (max-width: 576px) 100vw, 576px\" \/><\/figure>\n\n\n\n<figure class=\"wp-block-image size-large\"><img loading=\"lazy\" decoding=\"async\" width=\"576\" height=\"1024\" data-id=\"2163\" src=\"https:\/\/www.zschodov-nejdecka.cz\/wp-content\/uploads\/2021\/10\/WhatsApp-Image-2021-10-15-at-15.29.13-3-576x1024.jpeg\" alt=\"\" class=\"wp-image-2163\" srcset=\"https:\/\/www.zschodov-nejdecka.cz\/wp-content\/uploads\/2021\/10\/WhatsApp-Image-2021-10-15-at-15.29.13-3-576x1024.jpeg 576w, https:\/\/www.zschodov-nejdecka.cz\/wp-content\/uploads\/2021\/10\/WhatsApp-Image-2021-10-15-at-15.29.13-3-169x300.jpeg 169w, https:\/\/www.zschodov-nejdecka.cz\/wp-content\/uploads\/2021\/10\/WhatsApp-Image-2021-10-15-at-15.29.13-3-768x1365.jpeg 768w, https:\/\/www.zschodov-nejdecka.cz\/wp-content\/uploads\/2021\/10\/WhatsApp-Image-2021-10-15-at-15.29.13-3-864x1536.jpeg 864w, https:\/\/www.zschodov-nejdecka.cz\/wp-content\/uploads\/2021\/10\/WhatsApp-Image-2021-10-15-at-15.29.13-3.jpeg 1134w\" sizes=\"auto, (max-width: 576px) 100vw, 576px\" \/><\/figure>\n<\/figure>\n\n\n\n<p class=\"has-small-font-size\">Vlo\u017eeno 15. 10. 2021<\/p>\n\n\n\n<p><\/p>\n","protected":false},"excerpt":{"rendered":"<p>T\u0159\u00eddn\u00ed u\u010ditelka: \u00a0Mgr. Michaela Ka\u0161t\u00e1nkov\u00e1 Asistentka pedagoga: Michaela Kov\u00e1\u0159ov\u00e1 PODZIM V P\u0158\u00cdRODOV\u011aD\u011a Vlo\u017eeno 15. 10. 2021<\/p>\n","protected":false},"author":4,"featured_media":0,"parent":108,"menu_order":6,"comment_status":"closed","ping_status":"closed","template":"","meta":{"footnotes":""},"class_list":["post-385","page","type-page","status-publish","hentry"],"_links":{"self":[{"href":"https:\/\/www.zschodov-nejdecka.cz\/index.php\/wp-json\/wp\/v2\/pages\/385","targetHints":{"allow":["GET"]}}],"collection":[{"href":"https:\/\/www.zschodov-nejdecka.cz\/index.php\/wp-json\/wp\/v2\/pages"}],"about":[{"href":"https:\/\/www.zschodov-nejdecka.cz\/index.php\/wp-json\/wp\/v2\/types\/page"}],"author":[{"embeddable":true,"href":"https:\/\/www.zschodov-nejdecka.cz\/index.php\/wp-json\/wp\/v2\/users\/4"}],"replies":[{"embeddable":true,"href":"https:\/\/www.zschodov-nejdecka.cz\/index.php\/wp-json\/wp\/v2\/comments?post=385"}],"version-history":[{"count":29,"href":"https:\/\/www.zschodov-nejdecka.cz\/index.php\/wp-json\/wp\/v2\/pages\/385\/revisions"}],"predecessor-version":[{"id":4748,"href":"https:\/\/www.zschodov-nejdecka.cz\/index.php\/wp-json\/wp\/v2\/pages\/385\/revisions\/4748"}],"up":[{"embeddable":true,"href":"https:\/\/www.zschodov-nejdecka.cz\/index.php\/wp-json\/wp\/v2\/pages\/108"}],"wp:attachment":[{"href":"https:\/\/www.zschodov-nejdecka.cz\/index.php\/wp-json\/wp\/v2\/media?parent=385"}],"curies":[{"name":"wp","href":"https:\/\/api.w.org\/{rel}","templated":true}]}}