{"id":394,"date":"2021-02-27T12:27:48","date_gmt":"2021-02-27T11:27:48","guid":{"rendered":"http:\/\/www.zschodov-nejdecka.cz\/?page_id=394"},"modified":"2025-04-24T19:33:39","modified_gmt":"2025-04-24T18:33:39","slug":"vii-z","status":"publish","type":"page","link":"https:\/\/www.zschodov-nejdecka.cz\/index.php\/distancni-vyuka\/vii-z\/","title":{"rendered":"VI. Z"},"content":{"rendered":"\n<p><strong>T\u0159\u00eddn\u00ed u\u010ditelka:<\/strong>  Mgr. Dana K\u016fsov\u00e1     <a rel=\"noreferrer noopener\" href=\"mailto:zschodov-vz@seznam.cz\" target=\"_blank\">zschodov-vz@seznam.cz<\/a> <\/p>\n\n\n\n<p><strong>Asistentka pedagoga<\/strong>:  Jana Be\u0148ov\u00e1<\/p>\n\n\n\n<p class=\"has-text-align-center has-vivid-green-cyan-color has-text-color has-medium-font-size\"><strong>NA\u0160E T\u0158\u00cdDA <\/strong><\/p>\n\n\n\n<figure class=\"wp-block-gallery has-nested-images columns-default is-cropped wp-block-gallery-1 is-layout-flex wp-block-gallery-is-layout-flex\">\n<figure class=\"wp-block-image size-large\"><img loading=\"lazy\" decoding=\"async\" width=\"1024\" height=\"768\" data-id=\"3262\" src=\"https:\/\/www.zschodov-nejdecka.cz\/wp-content\/uploads\/2022\/10\/20221004_144658-1-1024x768.jpg\" alt=\"\" class=\"wp-image-3262\" srcset=\"https:\/\/www.zschodov-nejdecka.cz\/wp-content\/uploads\/2022\/10\/20221004_144658-1-1024x768.jpg 1024w, https:\/\/www.zschodov-nejdecka.cz\/wp-content\/uploads\/2022\/10\/20221004_144658-1-300x225.jpg 300w, https:\/\/www.zschodov-nejdecka.cz\/wp-content\/uploads\/2022\/10\/20221004_144658-1-768x576.jpg 768w, https:\/\/www.zschodov-nejdecka.cz\/wp-content\/uploads\/2022\/10\/20221004_144658-1-1536x1152.jpg 1536w, https:\/\/www.zschodov-nejdecka.cz\/wp-content\/uploads\/2022\/10\/20221004_144658-1-2048x1536.jpg 2048w\" sizes=\"auto, (max-width: 1024px) 100vw, 1024px\" \/><\/figure>\n\n\n\n<figure class=\"wp-block-image size-large\"><img loading=\"lazy\" decoding=\"async\" width=\"1024\" height=\"768\" data-id=\"3263\" src=\"https:\/\/www.zschodov-nejdecka.cz\/wp-content\/uploads\/2022\/10\/20221004_144728-1-1024x768.jpg\" alt=\"\" class=\"wp-image-3263\" srcset=\"https:\/\/www.zschodov-nejdecka.cz\/wp-content\/uploads\/2022\/10\/20221004_144728-1-1024x768.jpg 1024w, https:\/\/www.zschodov-nejdecka.cz\/wp-content\/uploads\/2022\/10\/20221004_144728-1-300x225.jpg 300w, https:\/\/www.zschodov-nejdecka.cz\/wp-content\/uploads\/2022\/10\/20221004_144728-1-768x576.jpg 768w, https:\/\/www.zschodov-nejdecka.cz\/wp-content\/uploads\/2022\/10\/20221004_144728-1-1536x1152.jpg 1536w, https:\/\/www.zschodov-nejdecka.cz\/wp-content\/uploads\/2022\/10\/20221004_144728-1-2048x1536.jpg 2048w\" sizes=\"auto, (max-width: 1024px) 100vw, 1024px\" \/><\/figure>\n\n\n\n<figure class=\"wp-block-image size-large\"><img loading=\"lazy\" decoding=\"async\" width=\"768\" height=\"1024\" data-id=\"3266\" src=\"https:\/\/www.zschodov-nejdecka.cz\/wp-content\/uploads\/2022\/10\/20221004_144732-1-768x1024.jpg\" alt=\"\" class=\"wp-image-3266\" srcset=\"https:\/\/www.zschodov-nejdecka.cz\/wp-content\/uploads\/2022\/10\/20221004_144732-1-768x1024.jpg 768w, https:\/\/www.zschodov-nejdecka.cz\/wp-content\/uploads\/2022\/10\/20221004_144732-1-225x300.jpg 225w, https:\/\/www.zschodov-nejdecka.cz\/wp-content\/uploads\/2022\/10\/20221004_144732-1-1152x1536.jpg 1152w, https:\/\/www.zschodov-nejdecka.cz\/wp-content\/uploads\/2022\/10\/20221004_144732-1-1536x2048.jpg 1536w, https:\/\/www.zschodov-nejdecka.cz\/wp-content\/uploads\/2022\/10\/20221004_144732-1-scaled.jpg 1920w\" sizes=\"auto, (max-width: 768px) 100vw, 768px\" \/><\/figure>\n\n\n\n<figure class=\"wp-block-image size-large\"><img loading=\"lazy\" decoding=\"async\" width=\"1024\" height=\"768\" data-id=\"3265\" src=\"https:\/\/www.zschodov-nejdecka.cz\/wp-content\/uploads\/2022\/10\/20221004_144744-1-1024x768.jpg\" alt=\"\" class=\"wp-image-3265\" srcset=\"https:\/\/www.zschodov-nejdecka.cz\/wp-content\/uploads\/2022\/10\/20221004_144744-1-1024x768.jpg 1024w, https:\/\/www.zschodov-nejdecka.cz\/wp-content\/uploads\/2022\/10\/20221004_144744-1-300x225.jpg 300w, https:\/\/www.zschodov-nejdecka.cz\/wp-content\/uploads\/2022\/10\/20221004_144744-1-768x576.jpg 768w, https:\/\/www.zschodov-nejdecka.cz\/wp-content\/uploads\/2022\/10\/20221004_144744-1-1536x1152.jpg 1536w, https:\/\/www.zschodov-nejdecka.cz\/wp-content\/uploads\/2022\/10\/20221004_144744-1-2048x1536.jpg 2048w\" sizes=\"auto, (max-width: 1024px) 100vw, 1024px\" \/><\/figure>\n\n\n\n<figure class=\"wp-block-image size-large\"><img loading=\"lazy\" decoding=\"async\" width=\"1024\" height=\"768\" data-id=\"3264\" src=\"https:\/\/www.zschodov-nejdecka.cz\/wp-content\/uploads\/2022\/10\/20221004_144754-1-1024x768.jpg\" alt=\"\" class=\"wp-image-3264\" srcset=\"https:\/\/www.zschodov-nejdecka.cz\/wp-content\/uploads\/2022\/10\/20221004_144754-1-1024x768.jpg 1024w, https:\/\/www.zschodov-nejdecka.cz\/wp-content\/uploads\/2022\/10\/20221004_144754-1-300x225.jpg 300w, https:\/\/www.zschodov-nejdecka.cz\/wp-content\/uploads\/2022\/10\/20221004_144754-1-768x576.jpg 768w, https:\/\/www.zschodov-nejdecka.cz\/wp-content\/uploads\/2022\/10\/20221004_144754-1-1536x1152.jpg 1536w, https:\/\/www.zschodov-nejdecka.cz\/wp-content\/uploads\/2022\/10\/20221004_144754-1-2048x1536.jpg 2048w\" sizes=\"auto, (max-width: 1024px) 100vw, 1024px\" \/><\/figure>\n<\/figure>\n\n\n\n<div class=\"wp-block-buttons is-layout-flex wp-block-buttons-is-layout-flex\"><\/div>\n\n\n\n<p class=\"has-small-font-size\">Vlo\u017eeno 10. 9. 2024<\/p>\n\n\n\n<p><\/p>\n","protected":false},"excerpt":{"rendered":"<p>T\u0159\u00eddn\u00ed u\u010ditelka: Mgr. Dana K\u016fsov\u00e1 zschodov-vz@seznam.cz Asistentka pedagoga: Jana Be\u0148ov\u00e1 NA\u0160E T\u0158\u00cdDA Vlo\u017eeno 10. 9. 2024<\/p>\n","protected":false},"author":4,"featured_media":3185,"parent":108,"menu_order":8,"comment_status":"closed","ping_status":"closed","template":"","meta":{"footnotes":""},"class_list":["post-394","page","type-page","status-publish","has-post-thumbnail","hentry"],"_links":{"self":[{"href":"https:\/\/www.zschodov-nejdecka.cz\/index.php\/wp-json\/wp\/v2\/pages\/394","targetHints":{"allow":["GET"]}}],"collection":[{"href":"https:\/\/www.zschodov-nejdecka.cz\/index.php\/wp-json\/wp\/v2\/pages"}],"about":[{"href":"https:\/\/www.zschodov-nejdecka.cz\/index.php\/wp-json\/wp\/v2\/types\/page"}],"author":[{"embeddable":true,"href":"https:\/\/www.zschodov-nejdecka.cz\/index.php\/wp-json\/wp\/v2\/users\/4"}],"replies":[{"embeddable":true,"href":"https:\/\/www.zschodov-nejdecka.cz\/index.php\/wp-json\/wp\/v2\/comments?post=394"}],"version-history":[{"count":50,"href":"https:\/\/www.zschodov-nejdecka.cz\/index.php\/wp-json\/wp\/v2\/pages\/394\/revisions"}],"predecessor-version":[{"id":4752,"href":"https:\/\/www.zschodov-nejdecka.cz\/index.php\/wp-json\/wp\/v2\/pages\/394\/revisions\/4752"}],"up":[{"embeddable":true,"href":"https:\/\/www.zschodov-nejdecka.cz\/index.php\/wp-json\/wp\/v2\/pages\/108"}],"wp:featuredmedia":[{"embeddable":true,"href":"https:\/\/www.zschodov-nejdecka.cz\/index.php\/wp-json\/wp\/v2\/media\/3185"}],"wp:attachment":[{"href":"https:\/\/www.zschodov-nejdecka.cz\/index.php\/wp-json\/wp\/v2\/media?parent=394"}],"curies":[{"name":"wp","href":"https:\/\/api.w.org\/{rel}","templated":true}]}}