{"id":416,"date":"2021-02-27T13:49:54","date_gmt":"2021-02-27T12:49:54","guid":{"rendered":"http:\/\/www.zschodov-nejdecka.cz\/?page_id=416"},"modified":"2023-10-09T19:07:23","modified_gmt":"2023-10-09T18:07:23","slug":"primarni-prevence","status":"publish","type":"page","link":"https:\/\/www.zschodov-nejdecka.cz\/index.php\/informace-o-skole\/primarni-prevence\/","title":{"rendered":"Prim\u00e1rn\u00ed prevence"},"content":{"rendered":"\n<p><strong>\u0160KOLN\u00cd PREVENTISTA<\/strong>          Mgr. Ladislava Baukov\u00e1<\/p>\n\n\n\n<p><strong>Kontakt:<\/strong>\u00a0\u00a0\u00a0\u00a0\u00a0telefon: 352 352 491,     <strong>e- mail:<\/strong>   <a href=\"mailto:ladislava.baukova@zschodov-nejdecka.cz\" target=\"_blank\" rel=\"noreferrer noopener\">ladislava.baukova@zschodov-nejdecka.cz<\/a><\/p>\n\n\n\n<p><strong>Kde s\u00eddl\u00ed:<\/strong>&nbsp;&nbsp;&nbsp;&nbsp;&nbsp;&nbsp;&nbsp;&nbsp;&nbsp;&nbsp;&nbsp;&nbsp; Sborovna, hlavn\u00ed budova<\/p>\n\n\n\n<p><strong>Konzulta\u010dn\u00ed hodiny:<\/strong>     po p\u0159edchoz\u00ed domluv\u011b<\/p>\n\n\n\n<p>Na preventistku se m\u016f\u017ee obr\u00e1tit \u017e\u00e1k \u0161koly nebo jeho z\u00e1konn\u00fd z\u00e1stupce p\u0159i jak\u00e9mkoliv podez\u0159en\u00ed na po\u010d\u00e1tek \u010di pr\u016fb\u011bh rizikov\u00e9ho chov\u00e1n\u00ed u \u017e\u00e1k\u016f z&nbsp;pohledu z\u00e1konn\u00fdch z\u00e1stupc\u016f, spolu\u017e\u00e1k\u016f i \u017e\u00e1k\u016f sam\u00fdch.<\/p>\n\n\n\n<p>Ve vestibulu hlavn\u00ed budovy \u0161koly je um\u00edst\u011bna <strong>schr\u00e1nka d\u016fv\u011bry<\/strong>, kam mohou \u017e\u00e1ci i anonymn\u011b vhazovat sv\u00e9 vzkazy s probl\u00e9my (nap\u0159\u00edklad \u0161ikana, dom\u00e1c\u00ed n\u00e1sil\u00ed, vyhro\u017eov\u00e1n\u00ed a jin\u00e9) <\/p>\n\n\n\n<p>Sv\u00e9 tr\u00e1pen\u00ed mohou \u017e\u00e1ci sv\u011b\u0159it i elektronick\u00e9 schr\u00e1nce d\u016fv\u011bry:  <a rel=\"noreferrer noopener\" href=\"mailto:schranka.duvery@zschodov-nejdecka.cz\" target=\"_blank\">schranka.duvery@zschodov-nejdecka.cz<\/a><\/p>\n\n\n\n<p><\/p>\n\n\n\n<p class=\"has-background\" style=\"background-color:#f2d9ef\"><strong>PRIM\u00c1RN\u00cd PREVENCE<\/strong><\/p>\n\n\n\n<p><strong><a href=\"https:\/\/www.zschodov-nejdecka.cz\/wp-content\/uploads\/2023\/10\/PP_sablona_-k-odevzadni__2023_24.pdf\">PREVENTIVN\u00cd PROGRAM<\/a><\/strong><\/p>\n\n\n\n<p><strong><a href=\"https:\/\/www.zschodov-nejdecka.cz\/wp-content\/uploads\/2023\/10\/Krizovy_plan_PP_opr.pdf\">KRIZOV\u00dd PL\u00c1N \u0160KOLY V OBLASTI PP<\/a><\/strong><\/p>\n\n\n\n<p><a href=\"https:\/\/www.zschodov-nejdecka.cz\/wp-content\/uploads\/2022\/10\/Prevence_rizikoveho_chovani_N.pdf\"><strong>PREVENCE RIZIKOV\u00c9HO CHOV\u00c1N\u00cd<\/strong><\/a><\/p>\n\n\n\n<p><strong><a href=\"https:\/\/www.msmt.cz\/vzdelavani\/socialni-programy\/metodicke-dokumenty-doporuceni-a-pokyny\">METODICK\u00c1 DOPORU\u010cEN\u00cd M\u0160MT &#8211; PREVENCE<\/a><\/strong><\/p>\n","protected":false},"excerpt":{"rendered":"<p>\u0160KOLN\u00cd PREVENTISTA Mgr. Ladislava Baukov\u00e1 Kontakt:\u00a0\u00a0\u00a0\u00a0\u00a0telefon: 352 352 491, e- mail: ladislava.baukova@zschodov-nejdecka.cz Kde s\u00eddl\u00ed:&nbsp;&nbsp;&nbsp;&nbsp;&nbsp;&nbsp;&nbsp;&nbsp;&nbsp;&nbsp;&nbsp;&nbsp; Sborovna, hlavn\u00ed budova Konzulta\u010dn\u00ed hodiny: po &hellip; <\/p>\n","protected":false},"author":4,"featured_media":0,"parent":23,"menu_order":6,"comment_status":"closed","ping_status":"closed","template":"","meta":{"footnotes":""},"class_list":["post-416","page","type-page","status-publish","hentry"],"_links":{"self":[{"href":"https:\/\/www.zschodov-nejdecka.cz\/index.php\/wp-json\/wp\/v2\/pages\/416","targetHints":{"allow":["GET"]}}],"collection":[{"href":"https:\/\/www.zschodov-nejdecka.cz\/index.php\/wp-json\/wp\/v2\/pages"}],"about":[{"href":"https:\/\/www.zschodov-nejdecka.cz\/index.php\/wp-json\/wp\/v2\/types\/page"}],"author":[{"embeddable":true,"href":"https:\/\/www.zschodov-nejdecka.cz\/index.php\/wp-json\/wp\/v2\/users\/4"}],"replies":[{"embeddable":true,"href":"https:\/\/www.zschodov-nejdecka.cz\/index.php\/wp-json\/wp\/v2\/comments?post=416"}],"version-history":[{"count":21,"href":"https:\/\/www.zschodov-nejdecka.cz\/index.php\/wp-json\/wp\/v2\/pages\/416\/revisions"}],"predecessor-version":[{"id":4104,"href":"https:\/\/www.zschodov-nejdecka.cz\/index.php\/wp-json\/wp\/v2\/pages\/416\/revisions\/4104"}],"up":[{"embeddable":true,"href":"https:\/\/www.zschodov-nejdecka.cz\/index.php\/wp-json\/wp\/v2\/pages\/23"}],"wp:attachment":[{"href":"https:\/\/www.zschodov-nejdecka.cz\/index.php\/wp-json\/wp\/v2\/media?parent=416"}],"curies":[{"name":"wp","href":"https:\/\/api.w.org\/{rel}","templated":true}]}}