{"id":452,"date":"2021-02-28T11:11:30","date_gmt":"2021-02-28T10:11:30","guid":{"rendered":"http:\/\/www.zschodov-nejdecka.cz\/?page_id=452"},"modified":"2022-10-27T12:30:12","modified_gmt":"2022-10-27T11:30:12","slug":"skolni-rok","status":"publish","type":"page","link":"https:\/\/www.zschodov-nejdecka.cz\/index.php\/skolni-rok\/","title":{"rendered":"\u0160koln\u00ed rok"},"content":{"rendered":"\n<p>Obdob\u00ed \u0161koln\u00edho vyu\u010dov\u00e1n\u00ed a obdob\u00ed \u0161koln\u00edch pr\u00e1zdnin stanovuje z\u00e1kon \u010d. 561\/2004 Sb., o\u00a0p\u0159ed\u0161koln\u00edm, z\u00e1kladn\u00edm, st\u0159edn\u00edm, vy\u0161\u0161\u00edm odborn\u00e9m a\u00a0jin\u00e9m vzd\u011bl\u00e1v\u00e1n\u00ed (\u0161kolsk\u00fd z\u00e1kon), ve\u00a0zn\u011bn\u00ed pozd\u011bj\u0161\u00edch p\u0159edpis\u016f. Podrobnosti k\u00a0organizaci \u0161koln\u00edho roku, druhy, d\u00e9lku a term\u00edny \u0161koln\u00edch pr\u00e1zdnin upravuje vyhl\u00e1\u0161ka \u010d.\u00a016\/2005\u00a0Sb., o\u00a0organizaci \u0161koln\u00edho roku, ve zn\u011bn\u00ed pozd\u011bj\u0161\u00edch p\u0159edpis\u016f. Informace k\u00a0organizaci \u0161koln\u00edho roku 2020\/2021 vych\u00e1zej\u00ed z\u00a0v\u00fd\u0161e uveden\u00fdch pr\u00e1vn\u00edch p\u0159edpis\u016f.<\/p>\n\n\n\n<p><a href=\"https:\/\/www.msmt.cz\/vzdelavani\/skolstvi-v-cr\/organizace-skolniho-roku-2020-2021-v-zakladnich-skolach\" data-type=\"URL\" data-id=\"https:\/\/www.msmt.cz\/vzdelavani\/skolstvi-v-cr\/organizace-skolniho-roku-2020-2021-v-zakladnich-skolach\" target=\"_blank\" rel=\"noreferrer noopener\">Organizace \u0161koln\u00edho roku 2020\/21<\/a><\/p>\n\n\n\n<p><a rel=\"noreferrer noopener\" href=\"https:\/\/www.msmt.cz\/vzdelavani\/skolstvi-v-cr\/organizace-skolniho-roku-2021-2022-v-zakladnich-skolach\" data-type=\"URL\" data-id=\"https:\/\/www.msmt.cz\/vzdelavani\/skolstvi-v-cr\/organizace-skolniho-roku-2021-2022-v-zakladnich-skolach\" target=\"_blank\">Organizace \u0161koln\u00edho roku 2021\/22<\/a><\/p>\n\n\n\n<p><a href=\"https:\/\/www.zschodov-nejdecka.cz\/wp-content\/uploads\/2022\/10\/Organizace_skolniho_roku_22_23.pdf\">Organizace \u0161koln\u00edho roku 2022\/23<\/a><\/p>\n","protected":false},"excerpt":{"rendered":"<p>Obdob\u00ed \u0161koln\u00edho vyu\u010dov\u00e1n\u00ed a obdob\u00ed \u0161koln\u00edch pr\u00e1zdnin stanovuje z\u00e1kon \u010d. 561\/2004 Sb., o\u00a0p\u0159ed\u0161koln\u00edm, z\u00e1kladn\u00edm, st\u0159edn\u00edm, vy\u0161\u0161\u00edm odborn\u00e9m a\u00a0jin\u00e9m vzd\u011bl\u00e1v\u00e1n\u00ed (\u0161kolsk\u00fd &hellip; <\/p>\n","protected":false},"author":4,"featured_media":0,"parent":0,"menu_order":0,"comment_status":"closed","ping_status":"closed","template":"","meta":{"footnotes":""},"class_list":["post-452","page","type-page","status-publish","hentry"],"_links":{"self":[{"href":"https:\/\/www.zschodov-nejdecka.cz\/index.php\/wp-json\/wp\/v2\/pages\/452","targetHints":{"allow":["GET"]}}],"collection":[{"href":"https:\/\/www.zschodov-nejdecka.cz\/index.php\/wp-json\/wp\/v2\/pages"}],"about":[{"href":"https:\/\/www.zschodov-nejdecka.cz\/index.php\/wp-json\/wp\/v2\/types\/page"}],"author":[{"embeddable":true,"href":"https:\/\/www.zschodov-nejdecka.cz\/index.php\/wp-json\/wp\/v2\/users\/4"}],"replies":[{"embeddable":true,"href":"https:\/\/www.zschodov-nejdecka.cz\/index.php\/wp-json\/wp\/v2\/comments?post=452"}],"version-history":[{"count":4,"href":"https:\/\/www.zschodov-nejdecka.cz\/index.php\/wp-json\/wp\/v2\/pages\/452\/revisions"}],"predecessor-version":[{"id":3377,"href":"https:\/\/www.zschodov-nejdecka.cz\/index.php\/wp-json\/wp\/v2\/pages\/452\/revisions\/3377"}],"wp:attachment":[{"href":"https:\/\/www.zschodov-nejdecka.cz\/index.php\/wp-json\/wp\/v2\/media?parent=452"}],"curies":[{"name":"wp","href":"https:\/\/api.w.org\/{rel}","templated":true}]}}