{"id":474,"date":"2021-02-28T10:52:45","date_gmt":"2021-02-28T09:52:45","guid":{"rendered":"http:\/\/www.zschodov-nejdecka.cz\/?page_id=474"},"modified":"2025-07-25T13:03:27","modified_gmt":"2025-07-25T12:03:27","slug":"organizace-sk-roku","status":"publish","type":"page","link":"https:\/\/www.zschodov-nejdecka.cz\/index.php\/skolni-rok\/organizace-sk-roku\/","title":{"rendered":"Organizace \u0161k. roku"},"content":{"rendered":"\n<p><strong>ORGANIZACE \u0160KOLN\u00cdHO ROKU 2025\/2026<\/strong><\/p>\n\n\n\n<figure class=\"wp-block-table is-style-stripes\" style=\"font-size:15px\"><table class=\"has-background has-fixed-layout\" style=\"background-color:#75fa46\"><tbody><tr><td>1. z\u00e1\u0159\u00ed 2025<\/td><td>zah\u00e1jen\u00ed \u0161koln\u00edho roku<\/td><\/tr><tr><td>27., 28. a\u017e 29. \u0159\u00edjna 2025<\/td><td>st\u00e1tn\u00ed sv\u00e1tek, podzimn\u00ed pr\u00e1zdniny<\/td><\/tr><tr><td>17. listopadu 2025<\/td><td>st\u00e1tn\u00ed sv\u00e1tek<\/td><\/tr><tr><td>22. prosince 2025 \u2013 2. ledna 2026<\/td><td>v\u00e1no\u010dn\u00ed pr\u00e1zdniny<\/td><\/tr><tr><td>29. ledna 2026<\/td><td>konec 1. pololet\u00ed<\/td><\/tr><tr><td>30. ledna 2026<\/td><td>pololetn\u00ed pr\u00e1zdniny<\/td><\/tr><tr><td>23. \u00fanora a\u017e 1. b\u0159ezna 2026<\/td><td>jarn\u00ed pr\u00e1zdniny<\/td><\/tr><tr><td>2. a\u017e 6. dubna 2026<\/td><td>velikono\u010dn\u00ed pr\u00e1zdniny, st\u00e1tn\u00ed sv\u00e1tek<\/td><\/tr><tr><td>1. kv\u011btna 2026<\/td><td>st\u00e1tn\u00ed sv\u00e1tek<\/td><\/tr><tr><td>8. kv\u011btna 2026<\/td><td>st\u00e1tn\u00ed sv\u00e1tek<\/td><\/tr><tr><td>30. \u010dervna 2026<\/td><td>vyd\u00e1n\u00ed vysv\u011bd\u010den\u00ed za II. pololet\u00ed<\/td><\/tr><tr><td>1. \u010dervenec a\u017e 31. srpen 2026<\/td><td>obdob\u00ed hlavn\u00edch pr\u00e1zdnin<\/td><\/tr><\/tbody><\/table><\/figure>\n\n\n\n<p><strong>PEDAGOGICK\u00c9 RADY<\/strong><\/p>\n\n\n\n<figure class=\"wp-block-table is-style-stripes\" style=\"font-size:15px\"><table class=\"has-background has-fixed-layout\" style=\"background-color:#99f233\"><tbody><tr><td>zahajovac\u00ed<\/td><td>1. a 2. 9. 2025<\/td><\/tr><tr><td>1. \u010dtvrtlet\u00ed<\/td><td>19. a 20. 11. 2025<\/td><\/tr><tr><td>pololetn\u00ed<\/td><td>21. a 22. 1. 2026<\/td><\/tr><tr><td>3. \u010dtvrtlet\u00ed<\/td><td>15. a 16. 4. 2026<\/td><\/tr><tr><td>z\u00e1v\u011bre\u010dn\u00e1<\/td><td>22. a 23. 6. 2026<\/td><\/tr><\/tbody><\/table><\/figure>\n\n\n\n<p><strong>T\u0158\u00cdDN\u00cd SCH\u016eZKY, KONZULTACE<\/strong><\/p>\n\n\n\n<figure class=\"wp-block-table is-style-stripes\" style=\"font-size:15px\"><table class=\"has-background has-fixed-layout\" style=\"background-color:#a7fa5f\"><tbody><tr><td>Datum<\/td><td>hodina<\/td><td>forma<\/td><\/tr><tr><td>1. 9. 2025<\/td><td>8:45 hod<\/td><td>t\u0159\u00eddn\u00ed sch\u016fzky ZZ 1. t\u0159\u00eddy, P\u0159T<\/td><\/tr><tr><td>20. 11. 2025<\/td><td>od 16.00 hod. 1.st., 17.00 hod. 2.st.<\/td><td>t\u0159\u00eddn\u00ed sch\u016fzky<\/td><\/tr><tr><td>13. 1. 2026<\/td><td>od 16.30 hod<\/td><td>t\u0159\u00eddn\u00ed sch\u016fzky<\/td><\/tr><tr><td>b\u0159ezen 2026<\/td><td><\/td><td>Den otev\u0159en\u00fdch dve\u0159\u00ed<\/td><\/tr><tr><td>26. 5. 2026<\/td><td>od 16.00 hod. 1.st., 17.00 hod. 2.st.<\/td><td>t\u0159\u00eddn\u00ed sch\u016fzky<\/td><\/tr><\/tbody><\/table><\/figure>\n\n\n\n<p style=\"font-size:15px\">Konzultace s u\u010diteli po p\u0159edchoz\u00ed telefonick\u00e9 dohod\u011b term\u00ednu jsou mo\u017en\u00e9 denn\u011b mimo v\u00fduku pedagoga&nbsp;&nbsp;&nbsp;&nbsp;&nbsp;&nbsp;&nbsp;&nbsp;&nbsp;&nbsp;&nbsp;&nbsp;&nbsp;&nbsp;&nbsp;&nbsp;&nbsp;&nbsp;&nbsp;&nbsp;&nbsp;&nbsp;&nbsp;&nbsp;&nbsp;&nbsp;&nbsp;&nbsp;&nbsp;&nbsp;&nbsp;&nbsp;&nbsp;&nbsp;&nbsp;&nbsp;&nbsp;&nbsp;&nbsp;&nbsp;&nbsp;&nbsp;&nbsp;&nbsp;&nbsp;&nbsp;&nbsp;<\/p>\n\n\n\n<p style=\"font-size:15px\">V\u00fdchovn\u00e1 poradkyn\u011b poskytuje konzultace v\u017edy&nbsp;<strong>v<\/strong>&nbsp;pond\u011bl\u00ed v 14:00 \u2013 15:00 hod<\/p>\n\n\n\n<p class=\"has-background\" style=\"background-color:#f2bd63;font-size:15px\">Kari\u00e9rov\u00fd poradce poskytuje konzultace v\u017edy&nbsp;<strong>v<\/strong>&nbsp;\u00fater\u00fd v 13:00 \u2013 15:00 hod<\/p>\n","protected":false},"excerpt":{"rendered":"<p>ORGANIZACE \u0160KOLN\u00cdHO ROKU 2025\/2026 1. z\u00e1\u0159\u00ed 2025 zah\u00e1jen\u00ed \u0161koln\u00edho roku 27., 28. a\u017e 29. \u0159\u00edjna 2025 st\u00e1tn\u00ed sv\u00e1tek, podzimn\u00ed pr\u00e1zdniny &hellip; <\/p>\n","protected":false},"author":4,"featured_media":0,"parent":452,"menu_order":1,"comment_status":"closed","ping_status":"closed","template":"","meta":{"footnotes":""},"class_list":["post-474","page","type-page","status-publish","hentry"],"_links":{"self":[{"href":"https:\/\/www.zschodov-nejdecka.cz\/index.php\/wp-json\/wp\/v2\/pages\/474","targetHints":{"allow":["GET"]}}],"collection":[{"href":"https:\/\/www.zschodov-nejdecka.cz\/index.php\/wp-json\/wp\/v2\/pages"}],"about":[{"href":"https:\/\/www.zschodov-nejdecka.cz\/index.php\/wp-json\/wp\/v2\/types\/page"}],"author":[{"embeddable":true,"href":"https:\/\/www.zschodov-nejdecka.cz\/index.php\/wp-json\/wp\/v2\/users\/4"}],"replies":[{"embeddable":true,"href":"https:\/\/www.zschodov-nejdecka.cz\/index.php\/wp-json\/wp\/v2\/comments?post=474"}],"version-history":[{"count":51,"href":"https:\/\/www.zschodov-nejdecka.cz\/index.php\/wp-json\/wp\/v2\/pages\/474\/revisions"}],"predecessor-version":[{"id":4792,"href":"https:\/\/www.zschodov-nejdecka.cz\/index.php\/wp-json\/wp\/v2\/pages\/474\/revisions\/4792"}],"up":[{"embeddable":true,"href":"https:\/\/www.zschodov-nejdecka.cz\/index.php\/wp-json\/wp\/v2\/pages\/452"}],"wp:attachment":[{"href":"https:\/\/www.zschodov-nejdecka.cz\/index.php\/wp-json\/wp\/v2\/media?parent=474"}],"curies":[{"name":"wp","href":"https:\/\/api.w.org\/{rel}","templated":true}]}}