{"id":488,"date":"2021-02-28T11:33:50","date_gmt":"2021-02-28T10:33:50","guid":{"rendered":"http:\/\/www.zschodov-nejdecka.cz\/?page_id=488"},"modified":"2024-09-29T20:13:33","modified_gmt":"2024-09-29T19:13:33","slug":"pedagogicky-sbor","status":"publish","type":"page","link":"https:\/\/www.zschodov-nejdecka.cz\/index.php\/skolni-rok\/pedagogicky-sbor\/","title":{"rendered":"Pedagogick\u00fd sbor"},"content":{"rendered":"\n<figure class=\"wp-block-table is-style-stripes has-small-font-size\"><table class=\"has-background\" style=\"background-color:#f78dcb5e\"><tbody><tr><td><strong>\u0158editelka \u0161koly<\/strong>&nbsp;<\/td><td>&nbsp;Mgr. Iva Jurne\u010dkov\u00e1<\/td><td>352352490, &nbsp; 731151826&nbsp;&nbsp;&nbsp;&nbsp;&nbsp;&nbsp;<\/td><td><a rel=\"noreferrer noopener\" href=\"mailto:info@zschodov-nejdecka.cz\" target=\"_blank\">info@zschodov-nejdecka.cz<\/a>  <\/td><\/tr><tr><td><strong>Z\u00e1stupce \u0159editelky<\/strong><br><strong>V\u00fdchovn\u00fd poradce<\/strong> &nbsp;<\/td><td> Mgr. Lenka Ryparov\u00e1 (Prokopi\u010dov\u00e1)<\/td><td>352352490<\/td><td><a rel=\"noreferrer noopener\" href=\"mailto:lenka.prokopicova@zschodov-nejdecka.cz\" data-type=\"URL\" target=\"_blank\">lenka.ryparova@zschodov-nejdecka.cz<\/a><\/td><\/tr><tr><td><strong>Prim\u00e1rn\u00ed preventistka<\/strong>&nbsp;<\/td><td> Mgr. Ladislava Baukov\u00e1&nbsp;<\/td><td>352352493&nbsp;<\/td><td><a rel=\"noreferrer noopener\" href=\"mailto:dana.kusova@zschodov-nejdecka.cz\" target=\"_blank\">ladislava.baukova@zschodov-nejdecka.cz<\/a><\/td><\/tr><tr><td><strong>\u0160koln\u00ed psychlog<\/strong><\/td><td> Mgr. Jana Novotn\u00e1<\/td><td>352352491<\/td><td><a href=\"mailto:psycholog@zschodov-nejdecka.cz\">psycholog@zschodov-nejdecka.cz<\/a><\/td><\/tr><\/tbody><\/table><\/figure>\n\n\n\n<p class=\"has-background has-small-font-size\" style=\"background-color:#b0f993\"><strong>T\u0158\u00cdDN\u00cd U\u010cITEL\u00c9&nbsp;&nbsp;&nbsp;&nbsp;&nbsp;&nbsp;&nbsp;&nbsp;&nbsp;&nbsp;&nbsp;&nbsp;&nbsp;&nbsp;&nbsp;&nbsp;&nbsp;&nbsp;&nbsp;&nbsp;&nbsp;&nbsp;&nbsp;&nbsp;&nbsp;&nbsp;&nbsp;<\/strong><\/p>\n\n\n\n<figure class=\"wp-block-table is-style-stripes has-small-font-size\"><table class=\"has-background\" style=\"background-color:#3fd1007a\"><tbody><tr><td>P\u0158T&nbsp;&nbsp;&nbsp;&nbsp;&nbsp;&nbsp;&nbsp;&nbsp;&nbsp;&nbsp;&nbsp;&nbsp;&nbsp;&nbsp;&nbsp;&nbsp;&nbsp;&nbsp;&nbsp;&nbsp;&nbsp; <\/td><td><\/td><td>352352393&nbsp;<\/td><td><\/td><\/tr><tr><td>I.Z<\/td><td>Mgr. Jana Skrbkov\u00e1, vedouc\u00ed metodick\u00e9ho sdru\u017een\u00ed<\/td><td>352352492<\/td><td><a href=\"mailto:jana.stankova@zschodov-nejdecka.cz\">jana.stankova@zschodov-nejdecka.cz<\/a><\/td><\/tr><tr><td>II.Z<\/td><td>Mgr. Lenka Ryparov\u00e1 (Prokopi\u010dov\u00e1)<\/td><td>352352490<\/td><td><a href=\"mailto:lenka.ryparova@zschodov-nejdecka.cz\" target=\"_blank\" rel=\"noreferrer noopener\">lenka.ryparova@zschodov-nejdecka.cz<\/a><\/td><\/tr><tr><td>III.Z<\/td><td>Mgr. Barbora Mar\u0161\u00ed\u010dkov\u00e1<\/td><td>352352492<\/td><td><a href=\"mailto:barbora.marsickova@zschodov-nejdecka.cz\" target=\"_blank\" rel=\"noreferrer noopener\">barbora.marsickova@zschodov-nejdecka.cz<\/a><\/td><\/tr><tr><td>IV.Z<\/td><td>Mgr. Iveta Urb\u00e1nkov\u00e1<\/td><td>352352493<\/td><td><a href=\"mailto:iveta.urbankova@zschodov-nejdecka.cz\" target=\"_blank\" rel=\"noreferrer noopener\">iveta.urbankova@zschodov-nejdecka.cz<\/a><\/td><\/tr><tr><td>IV.P<\/td><td>Mgr. Ladislava Baukov\u00e1<\/td><td>352352493&nbsp;<\/td><td><a href=\"mailto:ladislava.baukova@zschodov-nejdecka.cz\" data-type=\"URL\" target=\"_blank\" rel=\"noreferrer noopener\">ladislava.baukova@zschodov-nejdecka.cz<\/a><\/td><\/tr><tr><td>V.Z<\/td><td>Iveta Kr\u00e1sn\u00e1<\/td><td>352352492&nbsp;<\/td><td><a href=\"mailto:iveta.krasna@zschodov-nejdecka.cz\" target=\"_blank\" rel=\"noreferrer noopener\">iveta.krasna@zschodov-nejdecka.cz<\/a><\/td><\/tr><tr><td>VI.Z<\/td><td>Mgr. Danu\u0161e K\u016fsov\u00e1<\/td><td>352352493<\/td><td><a href=\"mailto:dana.kusova@zschodov-nejdecka.cz\" target=\"_blank\" rel=\"noreferrer noopener\">dana.kusova@zschodov-nejdecka.cz<\/a><\/td><\/tr><tr><td>VII.Z<\/td><td>Mgr. Pavel Nov\u00e1\u010dek<\/td><td>352352492&nbsp;<\/td><td><a href=\"mailto:pavel.novacek@zschodov-nejdecka.cz\" target=\"_blank\" rel=\"noreferrer noopener\">pavel.novacek@zschodov-nejdecka.cz<\/a><\/td><\/tr><tr><td>VIII.Z<\/td><td>Mgr. Michaela Ka\u0161t\u00e1nkov\u00e1<\/td><td>352352491&nbsp;<\/td><td><a href=\"mailto:misa.kastankova@zschodov-nejdecka.cz\" target=\"_blank\" rel=\"noreferrer noopener\">misa.kastankova@zschodov-nejdecka.cz<\/a><\/td><\/tr><tr><td>IX.Z<\/td><td>Mgr. Lucie Haakov\u00e1<\/td><td>352352493<\/td><td><a href=\"mailto:lucie.haakova@zs3chodov.cz\" target=\"_blank\" rel=\"noreferrer noopener\">lucie.haakova@zs3chodov.cz<\/a><\/td><\/tr><tr><td>IX.P<\/td><td>Zde\u0148ka Chomoutov\u00e1<\/td><td>352352491<\/td><td><a href=\"mailto:zdenka.chomoutova@zschodov-nejdecka.cz\" target=\"_blank\" rel=\"noreferrer noopener\">zdenka.chomoutova@zschodov-nejdecka.cz<\/a><\/td><\/tr><tr><td>I.S<\/td><td>Mgr. Lucie Hamplov\u00e1<\/td><td>352352494<\/td><td><a href=\"mailto:lucie.hamlova@zschodov-nejdecka.cz\" data-type=\"URL\" target=\"_blank\" rel=\"noreferrer noopener\">lucie.hamlova@zschodov-nejdecka.cz<\/a><\/td><\/tr><tr><td>II.S<\/td><td>Mgr. Kl\u00e1ra \u0160vehlov\u00e1 (Heidenreichov\u00e1)<\/td><td>352352494<\/td><td><a rel=\"noreferrer noopener\" href=\"mailto:trida2s@seznam.cz\" target=\"_blank\">trida2s@seznam.cz<\/a><\/td><\/tr><tr><td>III.S<\/td><td>Mgr. Kate\u0159ina Plecho<\/td><td>352352494<\/td><td><a href=\"mailto:nase.trida.III.S@gmail.com\">nase.trida.III.S@gmail.com<\/a><\/td><\/tr><\/tbody><\/table><\/figure>\n\n\n\n<p class=\"has-background has-small-font-size\" style=\"background-color:#fff267\"><strong>OSTATN\u00cd U\u010cITEL\u00c9 &#8211; NET\u0158\u00cdDN\u00cd&nbsp;&nbsp;&nbsp; &nbsp;&nbsp;&nbsp;&nbsp;&nbsp;&nbsp;&nbsp;&nbsp;&nbsp;&nbsp;&nbsp;&nbsp;&nbsp;&nbsp;&nbsp;&nbsp;&nbsp;&nbsp;&nbsp;<\/strong><\/p>\n\n\n\n<figure class=\"wp-block-table is-style-stripes has-small-font-size\"><table class=\"has-background\" style=\"background-color:#d6fc0087\"><tbody><tr><td><strong>U\u010ditelka AJ<\/strong>&nbsp;&nbsp;&nbsp;<\/td><td>&nbsp;&nbsp;Martina Mannion&nbsp;<\/td><td>352352491<\/td><td> <a rel=\"noreferrer noopener\" href=\"mailto:anglina2020@seznam.cz\" target=\"_blank\">anglina2020@seznam.cz<\/a><\/td><\/tr><tr><td><strong>U\u010ditel Ma, TV, PV&nbsp;<\/strong>&nbsp;<\/td><td>Mgr. Karel Chaloupka<\/td><td>352352491<\/td><td><\/td><\/tr><tr><td><strong>U\u010ditelka 1. st., Inf&nbsp;<\/strong><\/td><td>Mgr. Karol\u00edna Tich\u00e1&nbsp;<\/td><td>352352492<\/td><td><\/td><\/tr><tr><td><strong>U\u010ditelka 2. st. ON, TV<\/strong><\/td><td>Mgr. Krist\u00fdna Tich\u00e1<\/td><td><\/td><td><\/td><\/tr><tr><td><strong>U\u010ditelka 1. st. <\/strong>&nbsp;&nbsp;&nbsp;&nbsp;&nbsp;&nbsp;<\/td><td>Mgr. Milu\u0161e Pivkov\u00e1<\/td><td>352352491<\/td><td><\/td><\/tr><tr><td><strong>U\u010ditelka VII.Z<\/strong><\/td><td>Michaela He\u0159manov\u00e1<\/td><td>352352494<\/td><td><\/td><\/tr><tr><td><strong>U\u010ditelka II.st, M <\/strong><\/td><td>Ing. Martina Svato\u0161ov\u00e1<strong>  <\/strong><\/td><td>352352492  <\/td><td><\/td><\/tr><tr><td><\/td><td><\/td><td><\/td><td><\/td><\/tr><\/tbody><\/table><\/figure>\n\n\n\n<p class=\"has-background has-small-font-size\" style=\"background-color:#f78da8bd\"><strong>ASISTENTI PEDAGOGA<\/strong><\/p>\n\n\n\n<figure class=\"wp-block-table is-style-stripes has-small-font-size\"><table class=\"has-background\" style=\"background-color:#f78da845\"><tbody><tr><td>Asistent pedagoga II.Z<\/td><td>Lucie Bendov\u00e1<\/td><td>352352492<\/td><td><\/td><\/tr><tr><td>Asistent pedagoga I.Z<\/td><td>\u0160\u00e1rka Taschlerov\u00e1<\/td><td>352352491<\/td><td><\/td><\/tr><tr><td>Asistent pedagoga  VI.Z<\/td><td>Lucie God\u017eov\u00e1<\/td><td>352352492<\/td><td><\/td><\/tr><tr><td>Asistent pedagoga  V.Z<\/td><td>Lucie God\u017eov\u00e1<\/td><td>352352492<\/td><td><\/td><\/tr><tr><td>Asistent pedagoga IV.Z<\/td><td>Lenka Beranov\u00e1<\/td><td>352352493<\/td><td><\/td><\/tr><tr><td>Asistent pedagoga IV.P<\/td><td>Veronika Bara\u0148ski<\/td><td>352352491<\/td><td><\/td><\/tr><tr><td>Asistent pedagoga  IX.Z<\/td><td>Iveta Kr\u00e1sn\u00e1 ml.<\/td><td>352352493<\/td><td><\/td><\/tr><tr><td>Asistent pedagoga   VI.Z<\/td><td>Jana Be\u0148ov\u00e1<\/td><td>352352493<\/td><td><\/td><\/tr><tr><td>Asistent pedagoga III.Z<\/td><td>Veronika Florianov\u00e1<\/td><td>352352492<\/td><td><\/td><\/tr><tr><td>Asistent pedagoga  IX.P<\/td><td>Lucie Barto\u0161ov\u00e1<\/td><td>352352491<\/td><td><\/td><\/tr><tr><td>Asistent pedagoga VII.Z<\/td><td>Lenka Weis<\/td><td>352352494<\/td><td><\/td><\/tr><tr><td>Asistent pedagoga  I.S<\/td><td>Gabriela Hauserov\u00e1<\/td><td>352352494<\/td><td><\/td><\/tr><tr><td>Asistent pedagoga  II.S<\/td><td>Franti\u0161ka \u010c\u00ed\u017ekov\u00e1<\/td><td>352352494<\/td><td><\/td><\/tr><tr><td>Asistent pedagoga VII.P<\/td><td>Michaela Kov\u00e1\u0159ov\u00e1<\/td><td>352352491<\/td><td><\/td><\/tr><tr><td>Asistent pedagoga  II.S<\/td><td>Ji\u0159\u00ed \u0160vehla<\/td><td>352352492<\/td><td><\/td><\/tr><tr><td>Asistent pedagoga  II.S<\/td><td>Marcela Szebenyiov\u00e1<\/td><td>352352492<\/td><td><\/td><\/tr><\/tbody><\/table><\/figure>\n\n\n\n<p class=\"has-background has-small-font-size\" style=\"background-color:#9b51e0b5\"><strong>VYCHOVATELKY \u0160KOLN\u00cd DRU\u017dINY<\/strong><\/p>\n\n\n\n<figure class=\"wp-block-table is-style-stripes has-small-font-size\"><table class=\"has-background\" style=\"background-color:#9b51e063\"><tbody><tr><td><strong>Vychovatelka \u0160D<\/strong>&nbsp;&nbsp;<\/td><td>Ivona \u0160karpeck\u00e1<\/td><td>352352492<\/td><td><a href=\"mailto:druzina@zschodov-nejdecka.cz\" target=\"_blank\" rel=\"noreferrer noopener\">druzina@zschodov-nejdecka.cz<\/a><\/td><\/tr><tr><td><strong>Vychovatelka \u0160D<\/strong>&nbsp;&nbsp;<\/td><td>Veronika Florianov\u00e1<\/td><td>352352492<\/td><td><\/td><\/tr><tr><td><strong>Vychovatelka \u0160D<\/strong>&nbsp;&nbsp;<\/td><td>Lucie God\u017eov\u00e1<\/td><td>352352492<\/td><td><\/td><\/tr><\/tbody><\/table><\/figure>\n\n\n\n<p class=\"has-background has-small-font-size\" style=\"background-color:#0792e3c7\"><strong>SPR\u00c1VN\u00cd ZAM\u011aSTNANCI&nbsp;&nbsp;&nbsp;&nbsp;&nbsp;&nbsp;&nbsp;&nbsp;&nbsp;&nbsp;&nbsp;&nbsp;&nbsp;&nbsp;&nbsp;&nbsp;&nbsp;&nbsp;&nbsp;&nbsp;&nbsp;&nbsp;&nbsp;&nbsp;&nbsp;<\/strong><\/p>\n\n\n\n<figure class=\"wp-block-table is-style-stripes has-small-font-size\"><table class=\"has-background\" style=\"background-color:#8dd2fc75\"><tbody><tr><td>Hospod\u00e1\u0159ka, sekretari\u00e1t \u0161koly<\/td><td>Marie Ouporov\u00e1<\/td><td>352352491<\/td><td>&nbsp;<a rel=\"noreferrer noopener\" href=\"mailto:info@zschodov-nejdecka.cz\" target=\"_blank\">info@zschodov-nejdecka.cz<\/a><\/td><\/tr><tr><td>\u0160kolnice &#8211; domovnice<\/td><td>Vendulka Popovi\u010dov\u00e1&nbsp;<\/td><td><\/td><td><\/td><\/tr><tr><td>\u00dadr\u017eb\u00e1\u0159&nbsp;&nbsp;&nbsp;&nbsp;<\/td><td>Karel Sk\u00e1cel&nbsp;&nbsp;&nbsp;&nbsp;&nbsp;&nbsp;&nbsp;<\/td><td><\/td><td><\/td><\/tr><tr><td>Ukl\u00edze\u010dka<\/td><td>Kate\u0159ina Kol\u00e1\u0159ov\u00e1<\/td><td><\/td><td><\/td><\/tr><\/tbody><\/table><\/figure>\n\n\n\n<p class=\"has-small-font-size\">&nbsp;&nbsp;&nbsp;&nbsp;<\/p>\n\n\n\n<p class=\"has-small-font-size\"><\/p>\n","protected":false},"excerpt":{"rendered":"<p>\u0158editelka \u0161koly&nbsp; &nbsp;Mgr. Iva Jurne\u010dkov\u00e1 352352490, &nbsp; 731151826&nbsp;&nbsp;&nbsp;&nbsp;&nbsp;&nbsp; info@zschodov-nejdecka.cz Z\u00e1stupce \u0159editelkyV\u00fdchovn\u00fd poradce &nbsp; Mgr. Lenka Ryparov\u00e1 (Prokopi\u010dov\u00e1) 352352490 lenka.ryparova@zschodov-nejdecka.cz Prim\u00e1rn\u00ed &hellip; <\/p>\n","protected":false},"author":4,"featured_media":0,"parent":452,"menu_order":2,"comment_status":"closed","ping_status":"closed","template":"","meta":{"footnotes":""},"class_list":["post-488","page","type-page","status-publish","hentry"],"_links":{"self":[{"href":"https:\/\/www.zschodov-nejdecka.cz\/index.php\/wp-json\/wp\/v2\/pages\/488","targetHints":{"allow":["GET"]}}],"collection":[{"href":"https:\/\/www.zschodov-nejdecka.cz\/index.php\/wp-json\/wp\/v2\/pages"}],"about":[{"href":"https:\/\/www.zschodov-nejdecka.cz\/index.php\/wp-json\/wp\/v2\/types\/page"}],"author":[{"embeddable":true,"href":"https:\/\/www.zschodov-nejdecka.cz\/index.php\/wp-json\/wp\/v2\/users\/4"}],"replies":[{"embeddable":true,"href":"https:\/\/www.zschodov-nejdecka.cz\/index.php\/wp-json\/wp\/v2\/comments?post=488"}],"version-history":[{"count":62,"href":"https:\/\/www.zschodov-nejdecka.cz\/index.php\/wp-json\/wp\/v2\/pages\/488\/revisions"}],"predecessor-version":[{"id":4617,"href":"https:\/\/www.zschodov-nejdecka.cz\/index.php\/wp-json\/wp\/v2\/pages\/488\/revisions\/4617"}],"up":[{"embeddable":true,"href":"https:\/\/www.zschodov-nejdecka.cz\/index.php\/wp-json\/wp\/v2\/pages\/452"}],"wp:attachment":[{"href":"https:\/\/www.zschodov-nejdecka.cz\/index.php\/wp-json\/wp\/v2\/media?parent=488"}],"curies":[{"name":"wp","href":"https:\/\/api.w.org\/{rel}","templated":true}]}}