{"id":737,"date":"2021-03-05T19:33:10","date_gmt":"2021-03-05T18:33:10","guid":{"rendered":"http:\/\/www.zschodov-nejdecka.cz\/?page_id=737"},"modified":"2025-02-03T13:42:26","modified_gmt":"2025-02-03T12:42:26","slug":"zapis","status":"publish","type":"page","link":"https:\/\/www.zschodov-nejdecka.cz\/index.php\/skolni-rok\/zapis\/","title":{"rendered":"P\u0158IJ\u00cdM\u00c1N\u00cd \u017d\u00c1K\u016e"},"content":{"rendered":"\n<p><strong>V sou\u010dasn\u00e9 dob\u011b je kapacita \u0161koly pro p\u0159ij\u00edm\u00e1n\u00ed \u017e\u00e1k\u016f pro \u0161koln\u00ed rok 2024\/2025 napln\u011bna.<\/strong> P\u0159ij\u00edm\u00e1me pouze z\u00e1znamy z\u00e1jemc\u016f o p\u0159estup v p\u0159\u00edpad\u011b, \u017ee by se m\u00edsto uvolnilo a z\u00e1jemc\u016f pro \u0161koln\u00ed rok<strong> 2025\/2026<\/strong>.<\/p>\n\n\n\n<p><strong>Pro v\u00edce informac\u00ed se m\u016f\u017eete obr\u00e1tit na veden\u00ed \u0161koly na tel. \u010d\u00edsle: 352 352 490 -1, 731 151 826<\/strong><\/p>\n\n\n\n<p class=\"has-small-font-size\">Vlo\u017eeno 3. 2. 2025<\/p>\n\n\n\n<p><strong><a href=\"https:\/\/www.zschodov-nejdecka.cz\/wp-content\/uploads\/2023\/03\/Zapis_23.pdf\">Z\u00c1PIS DO 1. RO\u010cN\u00cdKU<\/a><\/strong> <\/p>\n\n\n\n<p>Pro \u0161koln\u00ed rok <strong>2025\/2026<\/strong> \u0161kola bude otev\u00edrat jednu prvn\u00ed t\u0159\u00eddu pro d\u011bti s v\u00fdvojov\u00fdmi poruchami u\u010den\u00ed &#8211; dyslektickou t\u0159\u00eddu.<\/p>\n\n\n\n<p><strong>V\u00ddSLEDEK Z\u00c1PISU DO 1. T\u0158\u00cdDY Z\u0160<\/strong><\/p>\n\n\n\n<p class=\"has-small-font-size\">Vlo\u017eeno 3. 2. 2025<\/p>\n\n\n\n<p class=\"has-background\" style=\"background-color:#f48df7\"><strong>P\u0158IJ\u00cdM\u00c1N\u00cd \u017d\u00c1K\u016e DO JIN\u00ddCH RO\u010cN\u00cdK\u016e<\/strong><\/p>\n\n\n\n<p>V p\u0159\u00edpad\u011b z\u00e1jmu lze p\u0159ijmout i \u017e\u00e1ky se SVP &#8211; specifick\u00fdmi poruchami u\u010den\u00ed (dyslexie, dyskalkulie, dysgrafie, dysortografie aj.) 1. &#8211; 8. ro\u010dn\u00edku ( t\u0159\u00edda s b\u011b\u017en\u00fdm vzd\u011bl\u00e1vac\u00edm programem) nebo \u017e\u00e1ky 1. &#8211; 9. ro\u010dn\u00edku s lehk\u00fdm ment\u00e1ln\u00edm posti\u017een\u00edm. D\u011bti mohou b\u00fdt p\u0159ijaty v pr\u016fb\u011bhu cel\u00e9ho \u0161koln\u00edho roku.      <\/p>\n\n\n\n<p class=\"has-pale-cyan-blue-background-color has-background\"><strong>DOKLADY POT\u0158EBN\u00c9 PRO P\u0158IJET\u00cd:<\/strong><\/p>\n\n\n\n<p><strong>p\u00edsemn\u00e1 \u017e\u00e1dost z\u00e1konn\u00e9ho z\u00e1stupce, doporu\u010den\u00ed ke vzd\u011bl\u00e1v\u00e1n\u00ed \u0161kolsk\u00e9ho poradensk\u00e9ho za\u0159\u00edzen\u00ed.<\/strong><\/p>\n","protected":false},"excerpt":{"rendered":"<p>V sou\u010dasn\u00e9 dob\u011b je kapacita \u0161koly pro p\u0159ij\u00edm\u00e1n\u00ed \u017e\u00e1k\u016f pro \u0161koln\u00ed rok 2024\/2025 napln\u011bna. P\u0159ij\u00edm\u00e1me pouze z\u00e1znamy z\u00e1jemc\u016f o p\u0159estup &hellip; <\/p>\n","protected":false},"author":4,"featured_media":0,"parent":452,"menu_order":4,"comment_status":"closed","ping_status":"closed","template":"","meta":{"footnotes":""},"class_list":["post-737","page","type-page","status-publish","hentry"],"_links":{"self":[{"href":"https:\/\/www.zschodov-nejdecka.cz\/index.php\/wp-json\/wp\/v2\/pages\/737","targetHints":{"allow":["GET"]}}],"collection":[{"href":"https:\/\/www.zschodov-nejdecka.cz\/index.php\/wp-json\/wp\/v2\/pages"}],"about":[{"href":"https:\/\/www.zschodov-nejdecka.cz\/index.php\/wp-json\/wp\/v2\/types\/page"}],"author":[{"embeddable":true,"href":"https:\/\/www.zschodov-nejdecka.cz\/index.php\/wp-json\/wp\/v2\/users\/4"}],"replies":[{"embeddable":true,"href":"https:\/\/www.zschodov-nejdecka.cz\/index.php\/wp-json\/wp\/v2\/comments?post=737"}],"version-history":[{"count":37,"href":"https:\/\/www.zschodov-nejdecka.cz\/index.php\/wp-json\/wp\/v2\/pages\/737\/revisions"}],"predecessor-version":[{"id":4710,"href":"https:\/\/www.zschodov-nejdecka.cz\/index.php\/wp-json\/wp\/v2\/pages\/737\/revisions\/4710"}],"up":[{"embeddable":true,"href":"https:\/\/www.zschodov-nejdecka.cz\/index.php\/wp-json\/wp\/v2\/pages\/452"}],"wp:attachment":[{"href":"https:\/\/www.zschodov-nejdecka.cz\/index.php\/wp-json\/wp\/v2\/media?parent=737"}],"curies":[{"name":"wp","href":"https:\/\/api.w.org\/{rel}","templated":true}]}}