{"id":90,"date":"2021-02-19T16:05:49","date_gmt":"2021-02-19T15:05:49","guid":{"rendered":"http:\/\/www.zschodov-nejdecka.cz\/?page_id=90"},"modified":"2024-03-24T08:24:49","modified_gmt":"2024-03-24T07:24:49","slug":"pripravna-trida-slunicko","status":"publish","type":"page","link":"https:\/\/www.zschodov-nejdecka.cz\/index.php\/pripravna-trida-slunicko-2\/pripravna-trida-slunicko\/","title":{"rendered":"P\u0159\u00edpravn\u00e1 t\u0159\u00edda Slun\u00ed\u010dko"},"content":{"rendered":"\n<figure class=\"wp-block-video\"><video height=\"848\" style=\"aspect-ratio: 480 \/ 848;\" width=\"480\" autoplay controls src=\"https:\/\/www.zschodov-nejdecka.cz\/wp-content\/uploads\/2024\/03\/WhatsApp-Video-2024-03-20-at-15.15.34.mp4\"><\/video><\/figure>\n\n\n\n<p style=\"font-size:15px\">P\u0159\u00edpravn\u00e1 t\u0159\u00edda &#8222;Slun\u00ed\u010dko&#8220; m\u00e1 ve \u0161kole v\u00edce ne\u017e patn\u00e1ctiletou tradici.&nbsp; Nav\u0161t\u011bvuj\u00ed ji p\u0159ed\u0161koln\u00ed d\u011bti, p\u0159ednostn\u011b s odkladem \u0161koln\u00ed doch\u00e1zky. Vzd\u011bl\u00e1v\u00e1n\u00ed v p\u0159\u00edpravn\u00e9 t\u0159\u00edd\u011b je zam\u011b\u0159en\u00e9 na systematickou p\u0159\u00edpravu pro vstup do prvn\u00ed t\u0159\u00eddy z\u00e1kladn\u00ed \u0161koly a na p\u0159edch\u00e1zen\u00ed p\u0159\u00edpadn\u00fdm ne\u00fasp\u011b\u0161n\u00fdm za\u010d\u00e1tk\u016fm \u0161koln\u00ed doch\u00e1zky. Vzd\u011bl\u00e1v\u00e1n\u00ed prob\u00edh\u00e1 individu\u00e1ln\u011b v men\u0161\u00edm kolektivu d\u011bt\u00ed (10-15). Organiza\u010dn\u011b se v\u00fduka podob\u00e1 \u0161koln\u00edmu vyu\u010dov\u00e1n\u00ed, prob\u00edh\u00e1 v&nbsp;integrovan\u00fdch bloc\u00edch od 7:40 do 11:40 hodin. \u0160kola umo\u017e\u0148uje d\u011btem a \u017e\u00e1k\u016fm rann\u00ed i odpoledn\u00ed dru\u017einu s&nbsp;mo\u017enost\u00ed stravov\u00e1n\u00ed ve \u0161koln\u00ed j\u00eddeln\u011b.<\/p>\n\n\n\n<p style=\"font-size:15px\">Pedagogov\u00e9 vedou v\u00fduku hravou formou. Rozv\u00edj\u00ed u d\u011bt\u00ed rozumov\u00e9 schopnosti a dovednosti, z&nbsp;oblasti jazyka, komunikace, p\u0159edmatematick\u00fdch p\u0159edstav a vzbuzuj\u00ed v d\u011btech touhu po pozn\u00e1n\u00ed. Zam\u011b\u0159uj\u00ed se tak\u00e9 na podporu jemn\u00e9, hrub\u00e9 motoriky a grafomotoriky. Sou\u010d\u00e1st\u00ed v\u00fduky jsou estetick\u00e9 a kreativn\u00ed \u010dinnosti, kter\u00e9 jsou realizov\u00e1ny prost\u0159ednictv\u00edm v\u00fdtvarn\u00e9, hudebn\u00ed, t\u011blesn\u00e9 a pracovn\u00ed v\u00fdchovy. Jsou vyb\u00edr\u00e1ny individu\u00e1ln\u00ed, skupinov\u00e9 a front\u00e1ln\u00ed metody a formy pr\u00e1ce, kter\u00e9 odpov\u00eddaj\u00ed v\u011bku, pot\u0159eb\u00e1m, zku\u0161enostem a z\u00e1jm\u016fm d\u011bt\u00ed a maxim\u00e1ln\u011b se p\u0159izp\u016fsobuj\u00ed v\u00fdvojov\u00fdm, fyziologick\u00fdm, kognitivn\u00edm, soci\u00e1ln\u00edm i emocion\u00e1ln\u00edm pot\u0159eb\u00e1m d\u011bt\u00ed. Ve t\u0159\u00edd\u011b jsou zavedena \u017e\u00e1kovsk\u00e1 portfolia, kter\u00e1 prezentuj\u00ed v\u00fdvoj d\u00edt\u011bte a slou\u017e\u00ed k&nbsp;diagnostice, kter\u00e1 nastavuje vhodn\u00fd vzd\u011bl\u00e1vac\u00ed p\u0159\u00edstup.<\/p>\n\n\n\n<p style=\"font-size:15px\">Pro d\u011bti jsou po\u0159\u00e1d\u00e1ny r\u016fzn\u00e9 aktivity nap\u0159\u00edklad v\u00fdlety, exkurze, n\u00e1v\u0161t\u011bvy knihovny a r\u016fzn\u00e9 kulturn\u00ed akce. D\u011bti z p\u0159\u00edpravn\u00e9 t\u0159\u00eddy se z\u00fa\u010dast\u0148uj\u00ed n\u011bkter\u00fdch akc\u00ed po\u0159\u00e1dan\u00fdch pro 1. stupe\u0148 z\u00e1kladn\u00ed \u0161koly, aby si sn\u00e1ze p\u0159ivykaly na budouc\u00ed prost\u0159ed\u00ed prvn\u00ed t\u0159\u00eddy.<\/p>\n\n\n\n<p style=\"font-size:15px\">Dle \u0161kolsk\u00e9ho z\u00e1kona jsou d\u011bti s&nbsp;odkladem \u0161koln\u00ed doch\u00e1zky a p\u0159ed\u0161koln\u00ed d\u011bti p\u0159ij\u00edm\u00e1ny na z\u00e1klad\u011b p\u0159ihl\u00e1\u0161ky a doporu\u010den\u00ed pedagogicko psychologick\u00e9 poradny nebo speci\u00e1ln\u011b pedagogick\u00e9ho centra. Doch\u00e1zka d\u011bt\u00ed do p\u0159\u00edpravn\u00e9 t\u0159\u00eddy je povinn\u00e1 a bezplatn\u00e1.<\/p>\n\n\n\n<p style=\"font-size:15px\">\u0160VP \u201eSlun\u00ed\u010dko\u201c motivuje d\u011bti i formativn\u00edm slovn\u00edm hodnocen\u00edm \u010dinnost\u00ed. D\u011bti nejsou klasifikov\u00e1ny zn\u00e1mkami, ale motiva\u010dn\u011b podporov\u00e1ny k&nbsp;dosahov\u00e1n\u00ed lep\u0161\u00edch v\u00fdsledk\u016f.<\/p>\n\n\n\n<p style=\"font-size:15px\">\u0160kola respektuje t\u00fddenn\u00ed vyu\u010dovac\u00ed dobu, kter\u00e1 je stanovena v rozsahu 20 hodin, podle kurikula RVP PV. Denn\u00ed vyu\u010dovac\u00ed doba (4 hodiny) je rozd\u011blena do krat\u0161\u00edch \u010dasov\u00fdch \u00fasek\u016f s d\u016fmysln\u00fdm st\u0159\u00edd\u00e1n\u00edm pestr\u00fdch \u010dinnost\u00ed podle pot\u0159eb a z\u00e1jm\u016f d\u011bt\u00ed. Hra je hlavn\u00edm v\u00fdchovn\u011b vzd\u011bl\u00e1vac\u00edm prost\u0159edkem, je\u017e prol\u00edn\u00e1 v\u0161emi \u010dinnostmi. Snahou je u d\u011bt\u00ed rozv\u00edjet smyslovou percepci (p\u0159edev\u0161\u00edm zrak, sluch a hmat), rozumov\u00e9 schopnosti, jazykov\u00e9 a \u0159e\u010dov\u00e9 dovednosti, grafomotorick\u00e9 schopnosti, samostatnost, fantazii, sebed\u016fv\u011bru, motorickou obratnost, fyzickou zdatnost, pozitivn\u00ed my\u0161len\u00ed k sob\u011b sam\u00e9mu i k&nbsp;ostatn\u00edm.<\/p>\n\n\n\n<p class=\"has-background\" style=\"background-color:#d5f5bb\"><strong><a href=\"https:\/\/www.zschodov-nejdecka.cz\/wp-content\/uploads\/2021\/03\/zadost_o_prijeti_PrT_2021.pdf\" target=\"_blank\" rel=\"noreferrer noopener\">P\u0158IHL\u00c1\u0160KA DO P\u0158\u00cdPRAVN\u00c9 T\u0158\u00cdDY<\/a><\/strong> na \u0161koln\u00ed rok 2024\/25<\/p>\n","protected":false},"excerpt":{"rendered":"<p>P\u0159\u00edpravn\u00e1 t\u0159\u00edda &#8222;Slun\u00ed\u010dko&#8220; m\u00e1 ve \u0161kole v\u00edce ne\u017e patn\u00e1ctiletou tradici.&nbsp; Nav\u0161t\u011bvuj\u00ed ji p\u0159ed\u0161koln\u00ed d\u011bti, p\u0159ednostn\u011b s odkladem \u0161koln\u00ed doch\u00e1zky. Vzd\u011bl\u00e1v\u00e1n\u00ed &hellip; <\/p>\n","protected":false},"author":4,"featured_media":0,"parent":673,"menu_order":1,"comment_status":"closed","ping_status":"closed","template":"","meta":{"footnotes":""},"class_list":["post-90","page","type-page","status-publish","hentry"],"_links":{"self":[{"href":"https:\/\/www.zschodov-nejdecka.cz\/index.php\/wp-json\/wp\/v2\/pages\/90","targetHints":{"allow":["GET"]}}],"collection":[{"href":"https:\/\/www.zschodov-nejdecka.cz\/index.php\/wp-json\/wp\/v2\/pages"}],"about":[{"href":"https:\/\/www.zschodov-nejdecka.cz\/index.php\/wp-json\/wp\/v2\/types\/page"}],"author":[{"embeddable":true,"href":"https:\/\/www.zschodov-nejdecka.cz\/index.php\/wp-json\/wp\/v2\/users\/4"}],"replies":[{"embeddable":true,"href":"https:\/\/www.zschodov-nejdecka.cz\/index.php\/wp-json\/wp\/v2\/comments?post=90"}],"version-history":[{"count":21,"href":"https:\/\/www.zschodov-nejdecka.cz\/index.php\/wp-json\/wp\/v2\/pages\/90\/revisions"}],"predecessor-version":[{"id":4365,"href":"https:\/\/www.zschodov-nejdecka.cz\/index.php\/wp-json\/wp\/v2\/pages\/90\/revisions\/4365"}],"up":[{"embeddable":true,"href":"https:\/\/www.zschodov-nejdecka.cz\/index.php\/wp-json\/wp\/v2\/pages\/673"}],"wp:attachment":[{"href":"https:\/\/www.zschodov-nejdecka.cz\/index.php\/wp-json\/wp\/v2\/media?parent=90"}],"curies":[{"name":"wp","href":"https:\/\/api.w.org\/{rel}","templated":true}]}}